{"id":407921,"date":"2025-09-03T10:40:59","date_gmt":"2025-09-03T10:40:59","guid":{"rendered":"https:\/\/irankiuzona.lt\/product\/ipresuotu-torx-antgaliu-su-skyle-komplektas-1-43-8-2\/"},"modified":"2026-04-13T21:30:30","modified_gmt":"2026-04-13T21:30:30","slug":"ipresuotu-torx-antgaliu-su-skyle-komplektas-1-43-8-2","status":"publish","type":"product","link":"https:\/\/irankiuzona.lt\/ru\/product\/ipresuotu-torx-antgaliu-su-skyle-komplektas-1-43-8-2\/","title":{"rendered":"\u012epresuot\u0173 TORX antgali\u0173 su skyle komplektas 1\/4+3\/8"},"content":{"rendered":"<p>Komplekte:1\/4 : T8 &#8211; T10 &#8211; T15 &#8211; T20 &#8211; T25 &#8211; T27 &#8211; T303\/8 : T40 &#8211; T45 &#8211; T47 &#8211; T50 &#8211; T55<\/p>","protected":false},"excerpt":{"rendered":"<p>\u012epresuot\u0173 TORX antgali\u0173 su skyle komplektas 1\/4+3\/8 (T8-T55)<\/p>","protected":false},"featured_media":241791,"comment_status":"open","ping_status":"open","template":"","meta":[],"product_cat":[9506],"product_tag":[9716],"class_list":{"0":"post-407921","1":"product","2":"type-product","3":"status-publish","4":"has-post-thumbnail","6":"product_brand-jufisto-lenkija","7":"product_cat-ipresuotu-antgaliu-komplektai","8":"product_tag-jufisto-lenkija","10":"first","11":"instock","12":"purchasable","13":"product-type-simple"},"jetpack_sharing_enabled":true,"_links":{"self":[{"href":"https:\/\/irankiuzona.lt\/ru\/wp-json\/wp\/v2\/product\/407921","targetHints":{"allow":["GET"]}}],"collection":[{"href":"https:\/\/irankiuzona.lt\/ru\/wp-json\/wp\/v2\/product"}],"about":[{"href":"https:\/\/irankiuzona.lt\/ru\/wp-json\/wp\/v2\/types\/product"}],"replies":[{"embeddable":true,"href":"https:\/\/irankiuzona.lt\/ru\/wp-json\/wp\/v2\/comments?post=407921"}],"version-history":[{"count":1,"href":"https:\/\/irankiuzona.lt\/ru\/wp-json\/wp\/v2\/product\/407921\/revisions"}],"predecessor-version":[{"id":415382,"href":"https:\/\/irankiuzona.lt\/ru\/wp-json\/wp\/v2\/product\/407921\/revisions\/415382"}],"wp:featuredmedia":[{"embeddable":true,"href":"https:\/\/irankiuzona.lt\/ru\/wp-json\/wp\/v2\/media\/241791"}],"wp:attachment":[{"href":"https:\/\/irankiuzona.lt\/ru\/wp-json\/wp\/v2\/media?parent=407921"}],"wp:term":[{"taxonomy":"product_cat","embeddable":true,"href":"https:\/\/irankiuzona.lt\/ru\/wp-json\/wp\/v2\/product_cat?post=407921"},{"taxonomy":"product_tag","embeddable":true,"href":"https:\/\/irankiuzona.lt\/ru\/wp-json\/wp\/v2\/product_tag?post=407921"}],"curies":[{"name":"wp","href":"https:\/\/api.w.org\/{rel}","templated":true}]}}