{"id":407972,"date":"2025-09-03T14:09:16","date_gmt":"2025-09-03T14:09:16","guid":{"rendered":"https:\/\/irankiuzona.lt\/product\/lekstute-tepalo-filtrui-65mm-14-dantu\/"},"modified":"2026-04-14T18:58:17","modified_gmt":"2026-04-14T18:58:17","slug":"lekstute-tepalo-filtrui-65mm-14-dantu","status":"publish","type":"product","link":"https:\/\/irankiuzona.lt\/ru\/product\/lekstute-tepalo-filtrui-65mm-14-dantu\/","title":{"rendered":"L\u0117k\u0161tut\u0117 tepalo filtrui 65mm 14 dant\u0173"},"content":{"rendered":"<p>65mm 14 dant\u0173<\/p>","protected":false},"excerpt":{"rendered":"<p>L\u0117k\u0161tut\u0117 tepalo filtrui 65mm 14 dant\u0173<\/p>","protected":false},"featured_media":407974,"comment_status":"open","ping_status":"open","template":"","meta":[],"product_cat":[9705],"product_tag":[10151],"class_list":{"0":"post-407972","1":"product","2":"type-product","3":"status-publish","4":"has-post-thumbnail","6":"product_brand-lenkija-tiekejas","7":"product_cat-galvutes-tepalo-filtrui","8":"product_tag-lenkija-tiekejas","10":"first","11":"instock","12":"purchasable","13":"product-type-simple"},"jetpack_sharing_enabled":true,"_links":{"self":[{"href":"https:\/\/irankiuzona.lt\/ru\/wp-json\/wp\/v2\/product\/407972","targetHints":{"allow":["GET"]}}],"collection":[{"href":"https:\/\/irankiuzona.lt\/ru\/wp-json\/wp\/v2\/product"}],"about":[{"href":"https:\/\/irankiuzona.lt\/ru\/wp-json\/wp\/v2\/types\/product"}],"replies":[{"embeddable":true,"href":"https:\/\/irankiuzona.lt\/ru\/wp-json\/wp\/v2\/comments?post=407972"}],"version-history":[{"count":1,"href":"https:\/\/irankiuzona.lt\/ru\/wp-json\/wp\/v2\/product\/407972\/revisions"}],"predecessor-version":[{"id":426976,"href":"https:\/\/irankiuzona.lt\/ru\/wp-json\/wp\/v2\/product\/407972\/revisions\/426976"}],"wp:featuredmedia":[{"embeddable":true,"href":"https:\/\/irankiuzona.lt\/ru\/wp-json\/wp\/v2\/media\/407974"}],"wp:attachment":[{"href":"https:\/\/irankiuzona.lt\/ru\/wp-json\/wp\/v2\/media?parent=407972"}],"wp:term":[{"taxonomy":"product_cat","embeddable":true,"href":"https:\/\/irankiuzona.lt\/ru\/wp-json\/wp\/v2\/product_cat?post=407972"},{"taxonomy":"product_tag","embeddable":true,"href":"https:\/\/irankiuzona.lt\/ru\/wp-json\/wp\/v2\/product_tag?post=407972"}],"curies":[{"name":"wp","href":"https:\/\/api.w.org\/{rel}","templated":true}]}}