{"id":407975,"date":"2025-09-03T14:09:27","date_gmt":"2025-09-03T14:09:27","guid":{"rendered":"https:\/\/irankiuzona.lt\/product\/irankiu-vezimelis-7-stalciu-be-irankiu-5\/"},"modified":"2026-04-14T18:58:22","modified_gmt":"2026-04-14T18:58:22","slug":"irankiu-vezimelis-7-stalciu-be-irankiu-5","status":"publish","type":"product","link":"https:\/\/irankiuzona.lt\/ru\/product\/irankiu-vezimelis-7-stalciu-be-irankiu-5\/","title":{"rendered":"\u012eranki\u0173 ve\u017eim\u0117lis 7 stal\u010di\u0173 (be \u012franki\u0173)"},"content":{"rendered":"<p>Matmenys 680 x 458 x 856 mmMatmenys su ratukais 680 x 458 x 995 mmPakuot\u0117s matmenys 749 x 520 x 935 mm7 stal\u010diai:5 stal\u010diai 570 x 406 x 74.5 mm (atlaiko iki 20 kg apkrov\u0105)2 stal\u010diai 570 x 406 x 153.5 mm (atlaiko iki 30 kg apkrov\u0105)Stalvir\u0161is atlaiko 90 kg apkrov\u0105Svoris 57.5 kgStal\u010di\u0173 b\u0117geliai su guoliais!5&#8243; x 1.25&#8243; ratukai<br \/>\nPrek\u0117s spalva gali skirtis nuo pavaizduotos nuotraukoje<\/p>\n<p>D\u0116MESIO! \u0160IAI PREKEI TAIKOMAS PRISTATYMO MOKESTIS.<\/p>","protected":false},"excerpt":{"rendered":"<p>\u012eranki\u0173 ve\u017eim\u0117lis 7 stal\u010di\u0173 (be \u012franki\u0173)<\/p>","protected":false},"featured_media":407977,"comment_status":"open","ping_status":"closed","template":"","meta":[],"product_cat":[9943],"product_tag":[10151],"class_list":{"0":"post-407975","1":"product","2":"type-product","3":"status-publish","4":"has-post-thumbnail","6":"product_brand-lenkija-tiekejas","7":"product_cat-vezimeliai-irankiu-spintos","8":"product_tag-lenkija-tiekejas","10":"first","11":"instock","12":"purchasable","13":"product-type-simple"},"jetpack_sharing_enabled":true,"_links":{"self":[{"href":"https:\/\/irankiuzona.lt\/ru\/wp-json\/wp\/v2\/product\/407975","targetHints":{"allow":["GET"]}}],"collection":[{"href":"https:\/\/irankiuzona.lt\/ru\/wp-json\/wp\/v2\/product"}],"about":[{"href":"https:\/\/irankiuzona.lt\/ru\/wp-json\/wp\/v2\/types\/product"}],"replies":[{"embeddable":true,"href":"https:\/\/irankiuzona.lt\/ru\/wp-json\/wp\/v2\/comments?post=407975"}],"version-history":[{"count":2,"href":"https:\/\/irankiuzona.lt\/ru\/wp-json\/wp\/v2\/product\/407975\/revisions"}],"predecessor-version":[{"id":429111,"href":"https:\/\/irankiuzona.lt\/ru\/wp-json\/wp\/v2\/product\/407975\/revisions\/429111"}],"wp:featuredmedia":[{"embeddable":true,"href":"https:\/\/irankiuzona.lt\/ru\/wp-json\/wp\/v2\/media\/407977"}],"wp:attachment":[{"href":"https:\/\/irankiuzona.lt\/ru\/wp-json\/wp\/v2\/media?parent=407975"}],"wp:term":[{"taxonomy":"product_cat","embeddable":true,"href":"https:\/\/irankiuzona.lt\/ru\/wp-json\/wp\/v2\/product_cat?post=407975"},{"taxonomy":"product_tag","embeddable":true,"href":"https:\/\/irankiuzona.lt\/ru\/wp-json\/wp\/v2\/product_tag?post=407975"}],"curies":[{"name":"wp","href":"https:\/\/api.w.org\/{rel}","templated":true}]}}