{"id":407978,"date":"2025-09-03T14:09:30","date_gmt":"2025-09-03T14:09:30","guid":{"rendered":"https:\/\/irankiuzona.lt\/product\/verzliasukis-pneumatinis-1-2-2230nm-priedai\/"},"modified":"2026-04-15T03:40:50","modified_gmt":"2026-04-15T03:40:50","slug":"verzliasukis-pneumatinis-1-2-2230nm-priedai","status":"publish","type":"product","link":"https:\/\/irankiuzona.lt\/ru\/product\/verzliasukis-pneumatinis-1-2-2230nm-priedai\/","title":{"rendered":"Ver\u017eliasukis pneumatinis 1\/2 2230Nm + priedai"},"content":{"rendered":"<p>10 x 1\/2&#8243; \u0161e\u0161iakamp\u0117s sm\u016bgin\u0117s HEX galvut\u0117s: 9mm | 10mm | 11mm | 13mm | 14mm | 17mm | 19mm | 22mm | 24mm | 27mm<br \/>\n1 x 1\/2&#8243; sm\u016bginis prailgintuvas: 125mm<br \/>\n1 x L-tipo raktas<br \/>\n1 x tepalo indas<br \/>\n1 x mini tepalin\u0117<br \/>\n1 x antgalis<\/p>","protected":false},"excerpt":{"rendered":"<p>Ver\u017eliasukis pneumatinis 1\/2 2230Nm + priedai<\/p>","protected":false},"featured_media":407980,"comment_status":"open","ping_status":"closed","template":"","meta":[],"product_cat":[9667],"product_tag":[10151],"class_list":{"0":"post-407978","1":"product","2":"type-product","3":"status-publish","4":"has-post-thumbnail","6":"product_brand-lenkija-tiekejas","7":"product_cat-pneumatiniai-verzliasukiai","8":"product_tag-lenkija-tiekejas","10":"first","11":"instock","12":"purchasable","13":"product-type-simple"},"jetpack_sharing_enabled":true,"_links":{"self":[{"href":"https:\/\/irankiuzona.lt\/ru\/wp-json\/wp\/v2\/product\/407978","targetHints":{"allow":["GET"]}}],"collection":[{"href":"https:\/\/irankiuzona.lt\/ru\/wp-json\/wp\/v2\/product"}],"about":[{"href":"https:\/\/irankiuzona.lt\/ru\/wp-json\/wp\/v2\/types\/product"}],"replies":[{"embeddable":true,"href":"https:\/\/irankiuzona.lt\/ru\/wp-json\/wp\/v2\/comments?post=407978"}],"version-history":[{"count":1,"href":"https:\/\/irankiuzona.lt\/ru\/wp-json\/wp\/v2\/product\/407978\/revisions"}],"predecessor-version":[{"id":426987,"href":"https:\/\/irankiuzona.lt\/ru\/wp-json\/wp\/v2\/product\/407978\/revisions\/426987"}],"wp:featuredmedia":[{"embeddable":true,"href":"https:\/\/irankiuzona.lt\/ru\/wp-json\/wp\/v2\/media\/407980"}],"wp:attachment":[{"href":"https:\/\/irankiuzona.lt\/ru\/wp-json\/wp\/v2\/media?parent=407978"}],"wp:term":[{"taxonomy":"product_cat","embeddable":true,"href":"https:\/\/irankiuzona.lt\/ru\/wp-json\/wp\/v2\/product_cat?post=407978"},{"taxonomy":"product_tag","embeddable":true,"href":"https:\/\/irankiuzona.lt\/ru\/wp-json\/wp\/v2\/product_tag?post=407978"}],"curies":[{"name":"wp","href":"https:\/\/api.w.org\/{rel}","templated":true}]}}