{"id":407984,"date":"2025-09-03T14:09:39","date_gmt":"2025-09-03T14:09:39","guid":{"rendered":"https:\/\/irankiuzona.lt\/product\/vidiniu-guoliu-nuemejai-komplektas-8-58-mm\/"},"modified":"2026-04-17T10:43:19","modified_gmt":"2026-04-17T10:43:19","slug":"vidiniu-guoliu-nuemejai-komplektas-8-58-mm","status":"publish","type":"product","link":"https:\/\/irankiuzona.lt\/ru\/product\/vidiniu-guoliu-nuemejai-komplektas-8-58-mm\/","title":{"rendered":"Vidini\u0173 guoli\u0173 nu\u0117m\u0117jai komplektas (8-58 mm)"},"content":{"rendered":"<p>Vidinis plotis: 8-11mm, 12-17mm, 18-23mm, 24-29mm, 30-34mm, 34-38mm,39-43mm, 44-48mm, 49-53mm,54-58mmSriegis: M10x1.5p, M10x1.5P\/M8x1.25p, M10x1.5p\/M6x1.0p<\/p>","protected":false},"excerpt":{"rendered":"<p>Vidini\u0173 guoli\u0173 nu\u0117m\u0117jai komplektas (8-58 mm)<\/p>","protected":false},"featured_media":407986,"comment_status":"open","ping_status":"open","template":"","meta":[],"product_cat":[9533],"product_tag":[10151],"class_list":{"0":"post-407984","1":"product","2":"type-product","3":"status-publish","4":"has-post-thumbnail","6":"product_brand-lenkija-tiekejas","7":"product_cat-vidiniu-guoliu-nuemejai-istraukejai","8":"product_tag-lenkija-tiekejas","10":"first","11":"instock","12":"purchasable","13":"product-type-simple"},"jetpack_sharing_enabled":true,"_links":{"self":[{"href":"https:\/\/irankiuzona.lt\/ru\/wp-json\/wp\/v2\/product\/407984","targetHints":{"allow":["GET"]}}],"collection":[{"href":"https:\/\/irankiuzona.lt\/ru\/wp-json\/wp\/v2\/product"}],"about":[{"href":"https:\/\/irankiuzona.lt\/ru\/wp-json\/wp\/v2\/types\/product"}],"replies":[{"embeddable":true,"href":"https:\/\/irankiuzona.lt\/ru\/wp-json\/wp\/v2\/comments?post=407984"}],"version-history":[{"count":1,"href":"https:\/\/irankiuzona.lt\/ru\/wp-json\/wp\/v2\/product\/407984\/revisions"}],"predecessor-version":[{"id":426989,"href":"https:\/\/irankiuzona.lt\/ru\/wp-json\/wp\/v2\/product\/407984\/revisions\/426989"}],"wp:featuredmedia":[{"embeddable":true,"href":"https:\/\/irankiuzona.lt\/ru\/wp-json\/wp\/v2\/media\/407986"}],"wp:attachment":[{"href":"https:\/\/irankiuzona.lt\/ru\/wp-json\/wp\/v2\/media?parent=407984"}],"wp:term":[{"taxonomy":"product_cat","embeddable":true,"href":"https:\/\/irankiuzona.lt\/ru\/wp-json\/wp\/v2\/product_cat?post=407984"},{"taxonomy":"product_tag","embeddable":true,"href":"https:\/\/irankiuzona.lt\/ru\/wp-json\/wp\/v2\/product_tag?post=407984"}],"curies":[{"name":"wp","href":"https:\/\/api.w.org\/{rel}","templated":true}]}}