{"id":407987,"date":"2025-09-03T14:09:43","date_gmt":"2025-09-03T14:09:43","guid":{"rendered":"https:\/\/irankiuzona.lt\/product\/pneumatinis-purkstuku-iskalimo-rinkinys-3\/"},"modified":"2026-04-17T11:58:27","modified_gmt":"2026-04-17T11:58:27","slug":"pneumatinis-purkstuku-iskalimo-rinkinys-3","status":"publish","type":"product","link":"https:\/\/irankiuzona.lt\/ru\/product\/pneumatinis-purkstuku-iskalimo-rinkinys-3\/","title":{"rendered":"Pneumatinis purk\u0161tuk\u0173 i\u0161kalimo rinkinys"},"content":{"rendered":"<p>Rinkinio paskirtis &#8211; i\u0161trauki \u012fstrigusius \u201eCommon Rail\u201c BOSCH, DELPHI ir kit\u0173 kuro sistem\u0173 purk\u0161tukus.Pneumatic injector puller Common Rail diesel BOSCH DELPHI SIEMENS 25 units (M8-M31)<\/p>","protected":false},"excerpt":{"rendered":"<p>Pneumatinis purk\u0161tuk\u0173 i\u0161kalimo rinkinys<\/p>","protected":false},"featured_media":407989,"comment_status":"open","ping_status":"open","template":"","meta":[],"product_cat":[9701],"product_tag":[10151],"class_list":{"0":"post-407987","1":"product","2":"type-product","3":"status-publish","4":"has-post-thumbnail","6":"product_brand-lenkija-tiekejas","7":"product_cat-purkstuku-istraukimui","8":"product_tag-lenkija-tiekejas","10":"first","11":"instock","12":"purchasable","13":"product-type-simple"},"jetpack_sharing_enabled":true,"_links":{"self":[{"href":"https:\/\/irankiuzona.lt\/ru\/wp-json\/wp\/v2\/product\/407987","targetHints":{"allow":["GET"]}}],"collection":[{"href":"https:\/\/irankiuzona.lt\/ru\/wp-json\/wp\/v2\/product"}],"about":[{"href":"https:\/\/irankiuzona.lt\/ru\/wp-json\/wp\/v2\/types\/product"}],"replies":[{"embeddable":true,"href":"https:\/\/irankiuzona.lt\/ru\/wp-json\/wp\/v2\/comments?post=407987"}],"version-history":[{"count":1,"href":"https:\/\/irankiuzona.lt\/ru\/wp-json\/wp\/v2\/product\/407987\/revisions"}],"predecessor-version":[{"id":426991,"href":"https:\/\/irankiuzona.lt\/ru\/wp-json\/wp\/v2\/product\/407987\/revisions\/426991"}],"wp:featuredmedia":[{"embeddable":true,"href":"https:\/\/irankiuzona.lt\/ru\/wp-json\/wp\/v2\/media\/407989"}],"wp:attachment":[{"href":"https:\/\/irankiuzona.lt\/ru\/wp-json\/wp\/v2\/media?parent=407987"}],"wp:term":[{"taxonomy":"product_cat","embeddable":true,"href":"https:\/\/irankiuzona.lt\/ru\/wp-json\/wp\/v2\/product_cat?post=407987"},{"taxonomy":"product_tag","embeddable":true,"href":"https:\/\/irankiuzona.lt\/ru\/wp-json\/wp\/v2\/product_tag?post=407987"}],"curies":[{"name":"wp","href":"https:\/\/api.w.org\/{rel}","templated":true}]}}