{"id":407990,"date":"2025-09-03T14:09:46","date_gmt":"2025-09-03T14:09:46","guid":{"rendered":"https:\/\/irankiuzona.lt\/product\/karbiuratoriaus-sinchronizatorius-4\/"},"modified":"2026-04-17T15:44:40","modified_gmt":"2026-04-17T15:44:40","slug":"karbiuratoriaus-sinchronizatorius-4","status":"publish","type":"product","link":"https:\/\/irankiuzona.lt\/ru\/product\/karbiuratoriaus-sinchronizatorius-4\/","title":{"rendered":"Karbiuratoriaus sinchronizatorius"},"content":{"rendered":"<p>U\u017etikrina vienod\u0105 degal\u0173 tiekim\u0105 visiems cilindrams ir skland\u0173 variklio darb\u0105.<br \/>\n4 vnt. vakuumo ir sl\u0117gio matuokliai, \u00d885 mm<br \/>\n4 vnt. \u017earnos, \u00d85&#215;8 mm, ilgis 950 mm<br \/>\n4 vnt. adapteriai M5x0,8, ilgis 170 mm<br \/>\n4 vnt. adapteriai M5x0,8, ilgis 100 mm<br \/>\n1 vnt. adapteris 6&#215;55 mm<br \/>\n4 vnt. adapteriai M6x1, ilgis 60 mm<br \/>\n4 vnt. adapteriai M6x0,75, ilgis 53 mm<\/p>","protected":false},"excerpt":{"rendered":"<p>Karbiuratoriaus sinchronizatorius<\/p>","protected":false},"featured_media":407992,"comment_status":"open","ping_status":"open","template":"","meta":[],"product_cat":[9550],"product_tag":[11005],"class_list":{"0":"post-407990","1":"product","2":"type-product","3":"status-publish","4":"has-post-thumbnail","6":"product_brand-quatros-lenkija","7":"product_cat-kiti-matuokliai-stetoskopai-termometrai-karbiuratoriams","8":"product_tag-quatros-lenkija","10":"first","11":"instock","12":"purchasable","13":"product-type-simple"},"jetpack_sharing_enabled":true,"_links":{"self":[{"href":"https:\/\/irankiuzona.lt\/ru\/wp-json\/wp\/v2\/product\/407990","targetHints":{"allow":["GET"]}}],"collection":[{"href":"https:\/\/irankiuzona.lt\/ru\/wp-json\/wp\/v2\/product"}],"about":[{"href":"https:\/\/irankiuzona.lt\/ru\/wp-json\/wp\/v2\/types\/product"}],"replies":[{"embeddable":true,"href":"https:\/\/irankiuzona.lt\/ru\/wp-json\/wp\/v2\/comments?post=407990"}],"version-history":[{"count":1,"href":"https:\/\/irankiuzona.lt\/ru\/wp-json\/wp\/v2\/product\/407990\/revisions"}],"predecessor-version":[{"id":426992,"href":"https:\/\/irankiuzona.lt\/ru\/wp-json\/wp\/v2\/product\/407990\/revisions\/426992"}],"wp:featuredmedia":[{"embeddable":true,"href":"https:\/\/irankiuzona.lt\/ru\/wp-json\/wp\/v2\/media\/407992"}],"wp:attachment":[{"href":"https:\/\/irankiuzona.lt\/ru\/wp-json\/wp\/v2\/media?parent=407990"}],"wp:term":[{"taxonomy":"product_cat","embeddable":true,"href":"https:\/\/irankiuzona.lt\/ru\/wp-json\/wp\/v2\/product_cat?post=407990"},{"taxonomy":"product_tag","embeddable":true,"href":"https:\/\/irankiuzona.lt\/ru\/wp-json\/wp\/v2\/product_tag?post=407990"}],"curies":[{"name":"wp","href":"https:\/\/api.w.org\/{rel}","templated":true}]}}