{"id":408002,"date":"2025-09-03T14:09:58","date_gmt":"2025-09-03T14:09:58","guid":{"rendered":"https:\/\/irankiuzona.lt\/product\/variklio-blokavimo-komplektas-hyundai-kia-1-6crdi\/"},"modified":"2026-04-13T19:05:16","modified_gmt":"2026-04-13T19:05:16","slug":"variklio-blokavimo-komplektas-hyundai-kia-1-6crdi","status":"publish","type":"product","link":"https:\/\/irankiuzona.lt\/ru\/product\/variklio-blokavimo-komplektas-hyundai-kia-1-6crdi\/","title":{"rendered":"Variklio blokavimo komplektas Hyundai\/KIA 1.6CRDi"},"content":{"rendered":"<p>HYUNDAI: i30 (19-), i40 (18-), Kona (18-), Tucson (18-)KIA: Ceed (18-), Optima (18-), ProCeed (19-), Sportage (18-), Stonic (18-), XCeed (19-)Variklis: 1.6CRDiVariklio kodai: D4FE, D4FEU3Rinkinio turinys:Alk\u016bninio veleno fiksavimo \u012frankis | OEM: 09240-2U100Paskirstymo veleno \u017evaigzdut\u0117s laikymo \u012frankis | OEM: 09240-2U400Paskirstymo veleno fiksavimo kai\u0161tis | OEM: 09240-2U300Paskirstymo dir\u017eo \u012ftempiklio atlaisvinimo \u012frankis | OEM: 09240-2U500Paskirstymo dir\u017eo \u012ftempiklio laikymo kai\u0161tis<\/p>","protected":false},"excerpt":{"rendered":"<p>Variklio blokavimo komplektas Hyundai\/KIA 1.6CRDi<\/p>","protected":false},"featured_media":408004,"comment_status":"open","ping_status":"open","template":"","meta":[],"product_cat":[9911],"product_tag":[11005],"class_list":{"0":"post-408002","1":"product","2":"type-product","3":"status-publish","4":"has-post-thumbnail","6":"product_brand-quatros-lenkija","7":"product_cat-kiti-blokatoriai-degimo-nustatymo-irankiai","8":"product_tag-quatros-lenkija","10":"first","11":"instock","12":"purchasable","13":"product-type-simple"},"jetpack_sharing_enabled":true,"_links":{"self":[{"href":"https:\/\/irankiuzona.lt\/ru\/wp-json\/wp\/v2\/product\/408002","targetHints":{"allow":["GET"]}}],"collection":[{"href":"https:\/\/irankiuzona.lt\/ru\/wp-json\/wp\/v2\/product"}],"about":[{"href":"https:\/\/irankiuzona.lt\/ru\/wp-json\/wp\/v2\/types\/product"}],"replies":[{"embeddable":true,"href":"https:\/\/irankiuzona.lt\/ru\/wp-json\/wp\/v2\/comments?post=408002"}],"version-history":[{"count":1,"href":"https:\/\/irankiuzona.lt\/ru\/wp-json\/wp\/v2\/product\/408002\/revisions"}],"predecessor-version":[{"id":426996,"href":"https:\/\/irankiuzona.lt\/ru\/wp-json\/wp\/v2\/product\/408002\/revisions\/426996"}],"wp:featuredmedia":[{"embeddable":true,"href":"https:\/\/irankiuzona.lt\/ru\/wp-json\/wp\/v2\/media\/408004"}],"wp:attachment":[{"href":"https:\/\/irankiuzona.lt\/ru\/wp-json\/wp\/v2\/media?parent=408002"}],"wp:term":[{"taxonomy":"product_cat","embeddable":true,"href":"https:\/\/irankiuzona.lt\/ru\/wp-json\/wp\/v2\/product_cat?post=408002"},{"taxonomy":"product_tag","embeddable":true,"href":"https:\/\/irankiuzona.lt\/ru\/wp-json\/wp\/v2\/product_tag?post=408002"}],"curies":[{"name":"wp","href":"https:\/\/api.w.org\/{rel}","templated":true}]}}