{"id":408008,"date":"2025-09-03T14:10:09","date_gmt":"2025-09-03T14:10:09","guid":{"rendered":"https:\/\/irankiuzona.lt\/product\/soniniu-raktu-komplektas-su-ispjova-3-8-10-24mm-su-deklu-vezimeliui-14vnt\/"},"modified":"2026-04-21T16:59:25","modified_gmt":"2026-04-21T16:59:25","slug":"soniniu-raktu-komplektas-su-ispjova-3-8-10-24mm-su-deklu-vezimeliui-14vnt","status":"publish","type":"product","link":"https:\/\/irankiuzona.lt\/ru\/product\/soniniu-raktu-komplektas-su-ispjova-3-8-10-24mm-su-deklu-vezimeliui-14vnt\/","title":{"rendered":"\u0160onini\u0173 rakt\u0173 komplektas su i\u0161pjova 3\/8&quot; (10-24mm) su d\u0117klu ve\u017eim\u0117liui 14vnt."},"content":{"rendered":"<p>3\/8 colio V tipo ver\u017eliarak\u010diai su atviru \u017eiedu, kuri\u0173 dyd\u017eiai: 10, 11, 12, 13, 14, 15, 16, 17, 18, 19, 22, 24mm3\/8 colio prailginimai: L = 75 ir L = 125<\/p>","protected":false},"excerpt":{"rendered":"<p>\u0160onini\u0173 rakt\u0173 komplektas su i\u0161pjova 3\/8&quot; (10-24mm) su d\u0117klu ve\u017eim\u0117liui<\/p>","protected":false},"featured_media":408010,"comment_status":"open","ping_status":"open","template":"","meta":[],"product_cat":[9870],"product_tag":[11005],"class_list":{"0":"post-408008","1":"product","2":"type-product","3":"status-publish","4":"has-post-thumbnail","6":"product_brand-quatros-lenkija","7":"product_cat-deklai-i-vezimus-su-irankiais-ir-tusti","8":"product_tag-quatros-lenkija","10":"first","11":"instock","12":"purchasable","13":"product-type-simple"},"jetpack_sharing_enabled":true,"_links":{"self":[{"href":"https:\/\/irankiuzona.lt\/ru\/wp-json\/wp\/v2\/product\/408008","targetHints":{"allow":["GET"]}}],"collection":[{"href":"https:\/\/irankiuzona.lt\/ru\/wp-json\/wp\/v2\/product"}],"about":[{"href":"https:\/\/irankiuzona.lt\/ru\/wp-json\/wp\/v2\/types\/product"}],"replies":[{"embeddable":true,"href":"https:\/\/irankiuzona.lt\/ru\/wp-json\/wp\/v2\/comments?post=408008"}],"version-history":[{"count":1,"href":"https:\/\/irankiuzona.lt\/ru\/wp-json\/wp\/v2\/product\/408008\/revisions"}],"predecessor-version":[{"id":426998,"href":"https:\/\/irankiuzona.lt\/ru\/wp-json\/wp\/v2\/product\/408008\/revisions\/426998"}],"wp:featuredmedia":[{"embeddable":true,"href":"https:\/\/irankiuzona.lt\/ru\/wp-json\/wp\/v2\/media\/408010"}],"wp:attachment":[{"href":"https:\/\/irankiuzona.lt\/ru\/wp-json\/wp\/v2\/media?parent=408008"}],"wp:term":[{"taxonomy":"product_cat","embeddable":true,"href":"https:\/\/irankiuzona.lt\/ru\/wp-json\/wp\/v2\/product_cat?post=408008"},{"taxonomy":"product_tag","embeddable":true,"href":"https:\/\/irankiuzona.lt\/ru\/wp-json\/wp\/v2\/product_tag?post=408008"}],"curies":[{"name":"wp","href":"https:\/\/api.w.org\/{rel}","templated":true}]}}