{"id":408011,"date":"2025-09-03T14:10:15","date_gmt":"2025-09-03T14:10:15","guid":{"rendered":"https:\/\/irankiuzona.lt\/product\/terksliniu-raktu-vartomu-galu-komplektas-10-19-mm-extra-ilgi-10vnt\/"},"modified":"2026-04-21T16:59:26","modified_gmt":"2026-04-21T16:59:26","slug":"terksliniu-raktu-vartomu-galu-komplektas-10-19-mm-extra-ilgi-10vnt","status":"publish","type":"product","link":"https:\/\/irankiuzona.lt\/ru\/product\/terksliniu-raktu-vartomu-galu-komplektas-10-19-mm-extra-ilgi-10vnt\/","title":{"rendered":"Terk\u0161lini\u0173 rakt\u0173 vartomu galu komplektas 10-19 mm \/ extra ilgi 10vnt."},"content":{"rendered":"<p>Dyd\u017eiai: 10, 11, 12, 13, 14, 15, 16, 17, 18, 19 mmDant\u0173 skai\u010dius: 72 (atidarymo kampas 5\u00b0)Med\u017eiaga: CR-V<\/p>","protected":false},"excerpt":{"rendered":"<p>Terk\u0161lini\u0173 rakt\u0173 vartomu galu komplektas 10-19 mm \/ extra ilgi 10vnt.<\/p>","protected":false},"featured_media":408013,"comment_status":"open","ping_status":"open","template":"","meta":[],"product_cat":[9610],"product_tag":[11005],"class_list":{"0":"post-408011","1":"product","2":"type-product","3":"status-publish","4":"has-post-thumbnail","6":"product_brand-quatros-lenkija","7":"product_cat-terksliniu-raktu-komplektai","8":"product_tag-quatros-lenkija","10":"first","11":"instock","12":"purchasable","13":"product-type-simple"},"jetpack_sharing_enabled":true,"_links":{"self":[{"href":"https:\/\/irankiuzona.lt\/ru\/wp-json\/wp\/v2\/product\/408011","targetHints":{"allow":["GET"]}}],"collection":[{"href":"https:\/\/irankiuzona.lt\/ru\/wp-json\/wp\/v2\/product"}],"about":[{"href":"https:\/\/irankiuzona.lt\/ru\/wp-json\/wp\/v2\/types\/product"}],"replies":[{"embeddable":true,"href":"https:\/\/irankiuzona.lt\/ru\/wp-json\/wp\/v2\/comments?post=408011"}],"version-history":[{"count":1,"href":"https:\/\/irankiuzona.lt\/ru\/wp-json\/wp\/v2\/product\/408011\/revisions"}],"predecessor-version":[{"id":426999,"href":"https:\/\/irankiuzona.lt\/ru\/wp-json\/wp\/v2\/product\/408011\/revisions\/426999"}],"wp:featuredmedia":[{"embeddable":true,"href":"https:\/\/irankiuzona.lt\/ru\/wp-json\/wp\/v2\/media\/408013"}],"wp:attachment":[{"href":"https:\/\/irankiuzona.lt\/ru\/wp-json\/wp\/v2\/media?parent=408011"}],"wp:term":[{"taxonomy":"product_cat","embeddable":true,"href":"https:\/\/irankiuzona.lt\/ru\/wp-json\/wp\/v2\/product_cat?post=408011"},{"taxonomy":"product_tag","embeddable":true,"href":"https:\/\/irankiuzona.lt\/ru\/wp-json\/wp\/v2\/product_tag?post=408011"}],"curies":[{"name":"wp","href":"https:\/\/api.w.org\/{rel}","templated":true}]}}