{"id":408017,"date":"2025-09-03T14:10:25","date_gmt":"2025-09-03T14:10:25","guid":{"rendered":"https:\/\/irankiuzona.lt\/product\/kilpiniu-raktu-komplektas-6-19mm-su-deklu-vezimeliui-7vnt\/"},"modified":"2026-04-25T10:47:52","modified_gmt":"2026-04-25T10:47:52","slug":"kilpiniu-raktu-komplektas-6-19mm-su-deklu-vezimeliui-7vnt","status":"publish","type":"product","link":"https:\/\/irankiuzona.lt\/ru\/product\/kilpiniu-raktu-komplektas-6-19mm-su-deklu-vezimeliui-7vnt\/","title":{"rendered":"Kilpini\u0173 rakt\u0173 komplektas 6-19mm \/ su d\u0117klu ve\u017eim\u0117liui 7vnt."},"content":{"rendered":"<p>Dyd\u017eiai: 6&#215;7 mm, 8&#215;9 mm, 10&#215;12 mm, 11&#215;13 mm, 14&#215;15 mm, 16&#215;17 mm, 18&#215;19 mmTipas: Specialus \u0161e\u0161iakampis SUPER GRIP su 45\u00b0 kampu, skirtas lengvai pa\u0161alinti sur\u016bdijusias ar pa\u017eeistas ver\u017eles ir var\u017etusMed\u017eiaga: CR-VPavir\u0161ius: chromuotas, veidrodinis poliravimas<\/p>","protected":false},"excerpt":{"rendered":"<p>Kilpini\u0173 rakt\u0173 komplektas 6-19mm \/ su d\u0117klu ve\u017eim\u0117liui 7vnt.<\/p>","protected":false},"featured_media":408019,"comment_status":"open","ping_status":"open","template":"","meta":[],"product_cat":[9870],"product_tag":[11005],"class_list":{"0":"post-408017","1":"product","2":"type-product","3":"status-publish","4":"has-post-thumbnail","6":"product_brand-quatros-lenkija","7":"product_cat-deklai-i-vezimus-su-irankiais-ir-tusti","8":"product_tag-quatros-lenkija","10":"first","11":"instock","12":"purchasable","13":"product-type-simple"},"jetpack_sharing_enabled":true,"_links":{"self":[{"href":"https:\/\/irankiuzona.lt\/ru\/wp-json\/wp\/v2\/product\/408017","targetHints":{"allow":["GET"]}}],"collection":[{"href":"https:\/\/irankiuzona.lt\/ru\/wp-json\/wp\/v2\/product"}],"about":[{"href":"https:\/\/irankiuzona.lt\/ru\/wp-json\/wp\/v2\/types\/product"}],"replies":[{"embeddable":true,"href":"https:\/\/irankiuzona.lt\/ru\/wp-json\/wp\/v2\/comments?post=408017"}],"version-history":[{"count":1,"href":"https:\/\/irankiuzona.lt\/ru\/wp-json\/wp\/v2\/product\/408017\/revisions"}],"predecessor-version":[{"id":427001,"href":"https:\/\/irankiuzona.lt\/ru\/wp-json\/wp\/v2\/product\/408017\/revisions\/427001"}],"wp:featuredmedia":[{"embeddable":true,"href":"https:\/\/irankiuzona.lt\/ru\/wp-json\/wp\/v2\/media\/408019"}],"wp:attachment":[{"href":"https:\/\/irankiuzona.lt\/ru\/wp-json\/wp\/v2\/media?parent=408017"}],"wp:term":[{"taxonomy":"product_cat","embeddable":true,"href":"https:\/\/irankiuzona.lt\/ru\/wp-json\/wp\/v2\/product_cat?post=408017"},{"taxonomy":"product_tag","embeddable":true,"href":"https:\/\/irankiuzona.lt\/ru\/wp-json\/wp\/v2\/product_tag?post=408017"}],"curies":[{"name":"wp","href":"https:\/\/api.w.org\/{rel}","templated":true}]}}