{"id":408020,"date":"2025-09-03T14:10:29","date_gmt":"2025-09-03T14:10:29","guid":{"rendered":"https:\/\/irankiuzona.lt\/product\/e-profilio-prailgintu-raktu-komplektas-e6-e24-su-deklu-vezimeliui-6vnt\/"},"modified":"2026-05-14T21:44:05","modified_gmt":"2026-05-14T21:44:05","slug":"e-profilio-prailgintu-raktu-komplektas-e6-e24-su-deklu-vezimeliui-6vnt","status":"publish","type":"product","link":"https:\/\/irankiuzona.lt\/ru\/product\/e-profilio-prailgintu-raktu-komplektas-e6-e24-su-deklu-vezimeliui-6vnt\/","title":{"rendered":"E-profilio prailgint\u0173 rakt\u0173 komplektas E6-E24 \/ su d\u0117klu ve\u017eim\u0117liui 6vnt."},"content":{"rendered":"<p>E6 x E7; E8 x E10; E11 x E12; E14 x E16; E18 x E20; E22 x E24Material: CR-V<\/p>","protected":false},"excerpt":{"rendered":"<p>E-profilio prailgint\u0173 rakt\u0173 komplektas E6-E24 \/ su d\u0117klu ve\u017eim\u0117liui 6vnt.<\/p>","protected":false},"featured_media":408022,"comment_status":"open","ping_status":"open","template":"","meta":[],"product_cat":[9592],"product_tag":[11005],"class_list":{"0":"post-408020","1":"product","2":"type-product","3":"status-publish","4":"has-post-thumbnail","6":"product_brand-quatros-lenkija","7":"product_cat-e-profilio-raktai-ju-komplektai","8":"product_tag-quatros-lenkija","10":"first","11":"instock","12":"purchasable","13":"product-type-simple"},"jetpack_sharing_enabled":true,"_links":{"self":[{"href":"https:\/\/irankiuzona.lt\/ru\/wp-json\/wp\/v2\/product\/408020","targetHints":{"allow":["GET"]}}],"collection":[{"href":"https:\/\/irankiuzona.lt\/ru\/wp-json\/wp\/v2\/product"}],"about":[{"href":"https:\/\/irankiuzona.lt\/ru\/wp-json\/wp\/v2\/types\/product"}],"replies":[{"embeddable":true,"href":"https:\/\/irankiuzona.lt\/ru\/wp-json\/wp\/v2\/comments?post=408020"}],"version-history":[{"count":1,"href":"https:\/\/irankiuzona.lt\/ru\/wp-json\/wp\/v2\/product\/408020\/revisions"}],"predecessor-version":[{"id":427002,"href":"https:\/\/irankiuzona.lt\/ru\/wp-json\/wp\/v2\/product\/408020\/revisions\/427002"}],"wp:featuredmedia":[{"embeddable":true,"href":"https:\/\/irankiuzona.lt\/ru\/wp-json\/wp\/v2\/media\/408022"}],"wp:attachment":[{"href":"https:\/\/irankiuzona.lt\/ru\/wp-json\/wp\/v2\/media?parent=408020"}],"wp:term":[{"taxonomy":"product_cat","embeddable":true,"href":"https:\/\/irankiuzona.lt\/ru\/wp-json\/wp\/v2\/product_cat?post=408020"},{"taxonomy":"product_tag","embeddable":true,"href":"https:\/\/irankiuzona.lt\/ru\/wp-json\/wp\/v2\/product_tag?post=408020"}],"curies":[{"name":"wp","href":"https:\/\/api.w.org\/{rel}","templated":true}]}}