{"id":408136,"date":"2025-09-07T20:40:10","date_gmt":"2025-09-07T20:40:10","guid":{"rendered":"https:\/\/irankiuzona.lt\/product\/hidraulinis-kranas-varikliui-2-tonu-jcb\/"},"modified":"2026-04-11T06:18:48","modified_gmt":"2026-04-11T06:18:48","slug":"hidraulinis-kranas-varikliui-2-tonu-jcb","status":"publish","type":"product","link":"https:\/\/irankiuzona.lt\/ru\/product\/hidraulinis-kranas-varikliui-2-tonu-jcb\/","title":{"rendered":"Hidraulinis kranas varikliui 2 ton\u0173 JCB"},"content":{"rendered":"<p>Techniniai parametrai:<br \/>\n2 ton\u0173 maksimali keliamoji galiaMaksimalus rankov\u0117s pak\u0117limas &#8211; 260 cmReguliuojamas rankov\u0117s ilgis nuo 109 iki 164 cmHidraulinis ilgas cilindras su \u012fmontuota aplinkkelio sistema neleid\u017eia per daug i\u0161tempti cilindr\u0105.Sunkaus gabarito, suvirinta konstrukcija i\u0161 tvirto kvadratinio vamzdinio plieno.Pasukami ratukai, kad b\u016bt\u0173 lengva manevruoti ir nustatyti pad\u0117t\u012f.Unikalus sulankstomas dizainas patogiam saugojimui.Dviej\u0173 pakop\u0173 hidraulinis cilindras (greitam pakelimui)Pakuot\u0117s matmenys A x P x P (mm) 95 x 730 x 880Pakuot\u0117s matmenys A x P x P (mm) 200 x 220 x 1420Grynasis svoris &#8211; 86 kgBendras svoris &#8211; 92KgHidraulin\u0117 pavara leid\u017eia pakelti krovinius su minimaliomis operatoriaus pastangomis.Kran\u0105 patogu naudoti, nes jame yra 6 ratai.Kranas turi kabl\u012f karabin\u0105, tod\u0117l krovinys saugiai laikomas ant jo.Prietais\u0105 galima sulankstyti, tod\u0117l j\u012f labai patogu laikyti.<\/p>","protected":false},"excerpt":{"rendered":"<p>Hidraulinis kranas varikliui 2 ton\u0173 JCB<\/p>","protected":false},"featured_media":408138,"comment_status":"open","ping_status":"open","template":"","meta":[],"product_cat":[9933],"product_tag":[10143],"class_list":{"0":"post-408136","1":"product","2":"type-product","3":"status-publish","4":"has-post-thumbnail","6":"product_brand-jcb","7":"product_cat-kranai-varikliui-iskelti","8":"product_tag-jcb","10":"first","11":"instock","12":"purchasable","13":"product-type-simple"},"jetpack_sharing_enabled":true,"_links":{"self":[{"href":"https:\/\/irankiuzona.lt\/ru\/wp-json\/wp\/v2\/product\/408136","targetHints":{"allow":["GET"]}}],"collection":[{"href":"https:\/\/irankiuzona.lt\/ru\/wp-json\/wp\/v2\/product"}],"about":[{"href":"https:\/\/irankiuzona.lt\/ru\/wp-json\/wp\/v2\/types\/product"}],"replies":[{"embeddable":true,"href":"https:\/\/irankiuzona.lt\/ru\/wp-json\/wp\/v2\/comments?post=408136"}],"version-history":[{"count":1,"href":"https:\/\/irankiuzona.lt\/ru\/wp-json\/wp\/v2\/product\/408136\/revisions"}],"predecessor-version":[{"id":427019,"href":"https:\/\/irankiuzona.lt\/ru\/wp-json\/wp\/v2\/product\/408136\/revisions\/427019"}],"wp:featuredmedia":[{"embeddable":true,"href":"https:\/\/irankiuzona.lt\/ru\/wp-json\/wp\/v2\/media\/408138"}],"wp:attachment":[{"href":"https:\/\/irankiuzona.lt\/ru\/wp-json\/wp\/v2\/media?parent=408136"}],"wp:term":[{"taxonomy":"product_cat","embeddable":true,"href":"https:\/\/irankiuzona.lt\/ru\/wp-json\/wp\/v2\/product_cat?post=408136"},{"taxonomy":"product_tag","embeddable":true,"href":"https:\/\/irankiuzona.lt\/ru\/wp-json\/wp\/v2\/product_tag?post=408136"}],"curies":[{"name":"wp","href":"https:\/\/api.w.org\/{rel}","templated":true}]}}