{"id":408228,"date":"2025-10-02T16:49:49","date_gmt":"2025-10-02T16:49:49","guid":{"rendered":"https:\/\/irankiuzona.lt\/product\/sukimo-momento-daugiklis-1-2-3-4\/"},"modified":"2026-04-15T03:36:48","modified_gmt":"2026-04-15T03:36:48","slug":"sukimo-momento-daugiklis-1-2-3-4","status":"publish","type":"product","link":"https:\/\/irankiuzona.lt\/ru\/product\/sukimo-momento-daugiklis-1-2-3-4\/","title":{"rendered":"Sukimo momento daugiklis 1\/2&#8221; &#8211; 3\/4&#8221;"},"content":{"rendered":"<p>\u012e\u0117jimo maksimalus sukimo momentas: 1\/2&quot; (F) 365 FT-LB \/ 500 NmI\u0161\u0117jimo maksimalus sukimo momentas: 3\/4&quot; (M) 1100 FT-LB \/ 1500 NmMed\u017eiagos: Chromo-molibdeno galvut\u0117 ir chromo-vanad\u017eio strypas \u2013 u\u017etikrina ilgaam\u017ei\u0161kum\u0105 ir atsparum\u0105 didel\u0117ms apkrovoms.\u0160is daugiklis yra skirtas intensyviam naudojimui, o tvirtos med\u017eiagos u\u017etikrina ilg\u0105 tarnavimo laik\u0105 bei patikim\u0105 darb\u0105 net esant itin dideliam sukimo momentui.<\/p>","protected":false},"excerpt":{"rendered":"<p>Sukimo momento daugiklis 1\/2&#8221; &#8211; 3\/4&#8221;<\/p>","protected":false},"featured_media":408230,"comment_status":"open","ping_status":"open","template":"","meta":[],"product_cat":[9967],"product_tag":[9435],"class_list":{"0":"post-408228","1":"product","2":"type-product","3":"status-publish","4":"has-post-thumbnail","6":"product_brand-kinija","7":"product_cat-padidintos-jegos-raktai-reduktoriai-ratams","8":"product_tag-kinija","10":"first","11":"instock","12":"purchasable","13":"product-type-simple"},"jetpack_sharing_enabled":true,"_links":{"self":[{"href":"https:\/\/irankiuzona.lt\/ru\/wp-json\/wp\/v2\/product\/408228","targetHints":{"allow":["GET"]}}],"collection":[{"href":"https:\/\/irankiuzona.lt\/ru\/wp-json\/wp\/v2\/product"}],"about":[{"href":"https:\/\/irankiuzona.lt\/ru\/wp-json\/wp\/v2\/types\/product"}],"replies":[{"embeddable":true,"href":"https:\/\/irankiuzona.lt\/ru\/wp-json\/wp\/v2\/comments?post=408228"}],"version-history":[{"count":1,"href":"https:\/\/irankiuzona.lt\/ru\/wp-json\/wp\/v2\/product\/408228\/revisions"}],"predecessor-version":[{"id":425628,"href":"https:\/\/irankiuzona.lt\/ru\/wp-json\/wp\/v2\/product\/408228\/revisions\/425628"}],"wp:featuredmedia":[{"embeddable":true,"href":"https:\/\/irankiuzona.lt\/ru\/wp-json\/wp\/v2\/media\/408230"}],"wp:attachment":[{"href":"https:\/\/irankiuzona.lt\/ru\/wp-json\/wp\/v2\/media?parent=408228"}],"wp:term":[{"taxonomy":"product_cat","embeddable":true,"href":"https:\/\/irankiuzona.lt\/ru\/wp-json\/wp\/v2\/product_cat?post=408228"},{"taxonomy":"product_tag","embeddable":true,"href":"https:\/\/irankiuzona.lt\/ru\/wp-json\/wp\/v2\/product_tag?post=408228"}],"curies":[{"name":"wp","href":"https:\/\/api.w.org\/{rel}","templated":true}]}}