{"id":408233,"date":"2025-10-02T17:13:38","date_gmt":"2025-10-02T17:13:38","guid":{"rendered":"https:\/\/irankiuzona.lt\/product\/smuginiu-adapteriu-sarnyru-ir-kardanu-rinkinys-17-vnt\/"},"modified":"2026-04-14T18:57:14","modified_gmt":"2026-04-14T18:57:14","slug":"smuginiu-adapteriu-sarnyru-ir-kardanu-rinkinys-17-vnt","status":"publish","type":"product","link":"https:\/\/irankiuzona.lt\/ru\/product\/smuginiu-adapteriu-sarnyru-ir-kardanu-rinkinys-17-vnt\/","title":{"rendered":"Sm\u016bgini\u0173 adapteri\u0173 , \u0161arnyr\u0173 ir kardan\u0173 rinkinys 17 vnt."},"content":{"rendered":"<p>Sud\u0117tis: 1\/4 colio pavaros lizd\u0173 antgali\u0173 rinkinys (1\/4 colio &#8211; 25 mm, 30 mm, 50 mm, 65 mm; 3\/8 colio &#8211; 50 mm,65 mm; 1\/2 colio &#8211; 50 mm, 72 mm) universali\u0173j\u0173 jung\u010di\u0173 rinkinys (1\/4 colio, 3\/8 colio, 1\/2 colio), adapteri\u0173 rinkinys (1\/4 colio F x 3\/8 colio, M, 3\/8 colio F x 1\/4 colio M, 3\/8&quot;F x 1\/2&quot; M, 1\/2&quot; F x 3\/8&quot; M, 1\/2&quot; F x 3\/4&quot; M, 3\/4&quot; F x 1\/2&quot; M) Pagamintas i\u0161 CR-MO plieno, auk\u0161tos kokyb\u0117s lizd\u0173 adapteri\u0173 rinkinys gali b\u016bti naudojamas su bet kokiu didelio sukimo momento sm\u016bginiu ver\u017eliarak\u010diu. Platus adapteri\u0173 rinkinys lizdini\u0173 ver\u017eliarak\u010di\u0173 \u012fd\u0117klams ir lizdams standartiniuose diskuose laikyti.<\/p>","protected":false},"excerpt":{"rendered":"<p>Adapteriai ir sm\u016bginiai \u0161arnyrai + kardanai 17vnt.<\/p>","protected":false},"featured_media":408235,"comment_status":"open","ping_status":"open","template":"","meta":[],"product_cat":[9514],"product_tag":[9435],"class_list":{"0":"post-408233","1":"product","2":"type-product","3":"status-publish","4":"has-post-thumbnail","6":"product_brand-kinija","7":"product_cat-smuginiai-cr-mo-perejimai","8":"product_tag-kinija","10":"first","11":"instock","12":"purchasable","13":"product-type-simple"},"jetpack_sharing_enabled":true,"_links":{"self":[{"href":"https:\/\/irankiuzona.lt\/ru\/wp-json\/wp\/v2\/product\/408233","targetHints":{"allow":["GET"]}}],"collection":[{"href":"https:\/\/irankiuzona.lt\/ru\/wp-json\/wp\/v2\/product"}],"about":[{"href":"https:\/\/irankiuzona.lt\/ru\/wp-json\/wp\/v2\/types\/product"}],"replies":[{"embeddable":true,"href":"https:\/\/irankiuzona.lt\/ru\/wp-json\/wp\/v2\/comments?post=408233"}],"version-history":[{"count":1,"href":"https:\/\/irankiuzona.lt\/ru\/wp-json\/wp\/v2\/product\/408233\/revisions"}],"predecessor-version":[{"id":426566,"href":"https:\/\/irankiuzona.lt\/ru\/wp-json\/wp\/v2\/product\/408233\/revisions\/426566"}],"wp:featuredmedia":[{"embeddable":true,"href":"https:\/\/irankiuzona.lt\/ru\/wp-json\/wp\/v2\/media\/408235"}],"wp:attachment":[{"href":"https:\/\/irankiuzona.lt\/ru\/wp-json\/wp\/v2\/media?parent=408233"}],"wp:term":[{"taxonomy":"product_cat","embeddable":true,"href":"https:\/\/irankiuzona.lt\/ru\/wp-json\/wp\/v2\/product_cat?post=408233"},{"taxonomy":"product_tag","embeddable":true,"href":"https:\/\/irankiuzona.lt\/ru\/wp-json\/wp\/v2\/product_tag?post=408233"}],"curies":[{"name":"wp","href":"https:\/\/api.w.org\/{rel}","templated":true}]}}