{"id":408236,"date":"2025-10-02T17:16:14","date_gmt":"2025-10-02T17:16:14","guid":{"rendered":"https:\/\/irankiuzona.lt\/product\/trikojis-stovas-nivelyrams-teleskopinis-42-90cm\/"},"modified":"2026-04-14T11:08:05","modified_gmt":"2026-04-14T11:08:05","slug":"trikojis-stovas-nivelyrams-teleskopinis-42-90cm","status":"publish","type":"product","link":"https:\/\/irankiuzona.lt\/ru\/product\/trikojis-stovas-nivelyrams-teleskopinis-42-90cm\/","title":{"rendered":"Trikojis stovas nivelyrams, teleskopinis 42-90cm"},"content":{"rendered":"<p>Skirtas saugiam lazerini\u0173 matavimo prietais\u0173 (su 5\/8\u2033 sriegiu) pastatymui. Auk\u0161tis reguliuojamas nuo 42 iki 90 cm korpuso ranken\u0117le ir teleskopin\u0117mis kojomis. I\u0161skleidus centrin\u0119 \u0161acht\u0105, pasiekiamas maksimalus 120 cm auk\u0161tis.Savyb\u0117s:> Tvirtas aliuminio r\u0117mas> Auk\u0161\u010dio reguliavimas korpuso pagalba> Kojel\u0117s su neslystan\u010diomis gumin\u0117mis antgaliais geresniam sukibimui> Komplekte \u2013 patogi transportavimo rankin\u0117 su rankena<\/p>","protected":false},"excerpt":{"rendered":"<p>Reguliuojamo auk\u0161\u010dio trikojis lazeriniam nivelyrui KD10889<\/p>","protected":false},"featured_media":408238,"comment_status":"open","ping_status":"open","template":"","meta":[],"product_cat":[9973],"product_tag":[10104],"class_list":{"0":"post-408236","1":"product","2":"type-product","3":"status-publish","4":"has-post-thumbnail","6":"product_brand-kraftdele","7":"product_cat-lazeriniai-matuokliai","8":"product_tag-kraftdele","10":"first","11":"instock","12":"purchasable","13":"product-type-simple"},"jetpack_sharing_enabled":true,"_links":{"self":[{"href":"https:\/\/irankiuzona.lt\/ru\/wp-json\/wp\/v2\/product\/408236","targetHints":{"allow":["GET"]}}],"collection":[{"href":"https:\/\/irankiuzona.lt\/ru\/wp-json\/wp\/v2\/product"}],"about":[{"href":"https:\/\/irankiuzona.lt\/ru\/wp-json\/wp\/v2\/types\/product"}],"replies":[{"embeddable":true,"href":"https:\/\/irankiuzona.lt\/ru\/wp-json\/wp\/v2\/comments?post=408236"}],"version-history":[{"count":1,"href":"https:\/\/irankiuzona.lt\/ru\/wp-json\/wp\/v2\/product\/408236\/revisions"}],"predecessor-version":[{"id":426659,"href":"https:\/\/irankiuzona.lt\/ru\/wp-json\/wp\/v2\/product\/408236\/revisions\/426659"}],"wp:featuredmedia":[{"embeddable":true,"href":"https:\/\/irankiuzona.lt\/ru\/wp-json\/wp\/v2\/media\/408238"}],"wp:attachment":[{"href":"https:\/\/irankiuzona.lt\/ru\/wp-json\/wp\/v2\/media?parent=408236"}],"wp:term":[{"taxonomy":"product_cat","embeddable":true,"href":"https:\/\/irankiuzona.lt\/ru\/wp-json\/wp\/v2\/product_cat?post=408236"},{"taxonomy":"product_tag","embeddable":true,"href":"https:\/\/irankiuzona.lt\/ru\/wp-json\/wp\/v2\/product_tag?post=408236"}],"curies":[{"name":"wp","href":"https:\/\/api.w.org\/{rel}","templated":true}]}}