{"id":408245,"date":"2025-10-02T17:22:23","date_gmt":"2025-10-02T17:22:23","guid":{"rendered":"https:\/\/irankiuzona.lt\/product\/domkratas-hidraulinis-pakopinis-16ton-227-427mm\/"},"modified":"2026-04-14T22:43:48","modified_gmt":"2026-04-14T22:43:48","slug":"domkratas-hidraulinis-pakopinis-16ton-227-427mm","status":"publish","type":"product","link":"https:\/\/irankiuzona.lt\/ru\/product\/domkratas-hidraulinis-pakopinis-16ton-227-427mm\/","title":{"rendered":"Domkratas hidraulinis pakopinis 16ton \/ 227-427mm"},"content":{"rendered":"<p>Galia: 16 ton\u0173K\u0117limo auk\u0161tis: 227 &#8211; 427 mmDomkrato eiga: 140mm , i\u0161sukamas vir\u0161us papildomam 60mm auk\u0161\u010diuiSvoris: 7,3 kg<\/p>","protected":false},"excerpt":{"rendered":"<p>Hidraulinis pakopinis domkratas-keltuvas 16 ton, k\u0117limo auk\u0161tis 227-427mm<\/p>","protected":false},"featured_media":408247,"comment_status":"open","ping_status":"closed","template":"","meta":[],"product_cat":[9707],"product_tag":[10151],"class_list":{"0":"post-408245","1":"product","2":"type-product","3":"status-publish","4":"has-post-thumbnail","6":"product_brand-lenkija-tiekejas","7":"product_cat-domkratai-pakopiniai","8":"product_tag-lenkija-tiekejas","10":"first","11":"instock","12":"purchasable","13":"product-type-simple"},"jetpack_sharing_enabled":true,"_links":{"self":[{"href":"https:\/\/irankiuzona.lt\/ru\/wp-json\/wp\/v2\/product\/408245","targetHints":{"allow":["GET"]}}],"collection":[{"href":"https:\/\/irankiuzona.lt\/ru\/wp-json\/wp\/v2\/product"}],"about":[{"href":"https:\/\/irankiuzona.lt\/ru\/wp-json\/wp\/v2\/types\/product"}],"replies":[{"embeddable":true,"href":"https:\/\/irankiuzona.lt\/ru\/wp-json\/wp\/v2\/comments?post=408245"}],"version-history":[{"count":1,"href":"https:\/\/irankiuzona.lt\/ru\/wp-json\/wp\/v2\/product\/408245\/revisions"}],"predecessor-version":[{"id":426903,"href":"https:\/\/irankiuzona.lt\/ru\/wp-json\/wp\/v2\/product\/408245\/revisions\/426903"}],"wp:featuredmedia":[{"embeddable":true,"href":"https:\/\/irankiuzona.lt\/ru\/wp-json\/wp\/v2\/media\/408247"}],"wp:attachment":[{"href":"https:\/\/irankiuzona.lt\/ru\/wp-json\/wp\/v2\/media?parent=408245"}],"wp:term":[{"taxonomy":"product_cat","embeddable":true,"href":"https:\/\/irankiuzona.lt\/ru\/wp-json\/wp\/v2\/product_cat?post=408245"},{"taxonomy":"product_tag","embeddable":true,"href":"https:\/\/irankiuzona.lt\/ru\/wp-json\/wp\/v2\/product_tag?post=408245"}],"curies":[{"name":"wp","href":"https:\/\/api.w.org\/{rel}","templated":true}]}}