{"id":408257,"date":"2025-10-02T17:22:49","date_gmt":"2025-10-02T17:22:49","guid":{"rendered":"https:\/\/irankiuzona.lt\/product\/domkratas-hidraulinis-pakopinis-15ton-210-400mm\/"},"modified":"2026-04-15T02:38:50","modified_gmt":"2026-04-15T02:38:50","slug":"domkratas-hidraulinis-pakopinis-15ton-210-400mm","status":"publish","type":"product","link":"https:\/\/irankiuzona.lt\/ru\/product\/domkratas-hidraulinis-pakopinis-15ton-210-400mm\/","title":{"rendered":"Domkratas hidraulinis pakopinis 15ton \/ 210-400mm"},"content":{"rendered":"<p>Galia: 15 ton\u0173K\u0117limo auk\u0161tis: 210 &#8211; 400 mmDomkrato eiga: 130mm , i\u0161sukamas vir\u0161us papildomam 60mm auk\u0161\u010diuiSvoris: 6,5 kg<\/p>","protected":false},"excerpt":{"rendered":"<p>Hidraulinis pakopinis domkratas-keltuvas 15 ton, k\u0117limo auk\u0161tis 210-400mm<\/p>","protected":false},"featured_media":408259,"comment_status":"open","ping_status":"closed","template":"","meta":[],"product_cat":[9707],"product_tag":[10151],"class_list":{"0":"post-408257","1":"product","2":"type-product","3":"status-publish","4":"has-post-thumbnail","6":"product_brand-lenkija-tiekejas","7":"product_cat-domkratai-pakopiniai","8":"product_tag-lenkija-tiekejas","10":"first","11":"instock","12":"purchasable","13":"product-type-simple"},"jetpack_sharing_enabled":true,"_links":{"self":[{"href":"https:\/\/irankiuzona.lt\/ru\/wp-json\/wp\/v2\/product\/408257","targetHints":{"allow":["GET"]}}],"collection":[{"href":"https:\/\/irankiuzona.lt\/ru\/wp-json\/wp\/v2\/product"}],"about":[{"href":"https:\/\/irankiuzona.lt\/ru\/wp-json\/wp\/v2\/types\/product"}],"replies":[{"embeddable":true,"href":"https:\/\/irankiuzona.lt\/ru\/wp-json\/wp\/v2\/comments?post=408257"}],"version-history":[{"count":1,"href":"https:\/\/irankiuzona.lt\/ru\/wp-json\/wp\/v2\/product\/408257\/revisions"}],"predecessor-version":[{"id":426912,"href":"https:\/\/irankiuzona.lt\/ru\/wp-json\/wp\/v2\/product\/408257\/revisions\/426912"}],"wp:featuredmedia":[{"embeddable":true,"href":"https:\/\/irankiuzona.lt\/ru\/wp-json\/wp\/v2\/media\/408259"}],"wp:attachment":[{"href":"https:\/\/irankiuzona.lt\/ru\/wp-json\/wp\/v2\/media?parent=408257"}],"wp:term":[{"taxonomy":"product_cat","embeddable":true,"href":"https:\/\/irankiuzona.lt\/ru\/wp-json\/wp\/v2\/product_cat?post=408257"},{"taxonomy":"product_tag","embeddable":true,"href":"https:\/\/irankiuzona.lt\/ru\/wp-json\/wp\/v2\/product_tag?post=408257"}],"curies":[{"name":"wp","href":"https:\/\/api.w.org\/{rel}","templated":true}]}}