{"id":408278,"date":"2025-10-02T17:25:10","date_gmt":"2025-10-02T17:25:10","guid":{"rendered":"https:\/\/irankiuzona.lt\/product\/raktas-10x12mm-stabdziu-vamzdeliams-su-varztu\/"},"modified":"2026-04-11T08:07:53","modified_gmt":"2026-04-11T08:07:53","slug":"raktas-10x12mm-stabdziu-vamzdeliams-su-varztu","status":"publish","type":"product","link":"https:\/\/irankiuzona.lt\/ru\/product\/raktas-10x12mm-stabdziu-vamzdeliams-su-varztu\/","title":{"rendered":"Raktas 10x12mm stabd\u017ei\u0173 vamzdeliams su var\u017etu"},"content":{"rendered":"<p>10mm \/ 12mm<\/p>","protected":false},"excerpt":{"rendered":"<p>Raktas stabd\u017ei\u0173 vamzdeliams su u\u017ever\u017eimu 10x12mm\u00a0<\/p>","protected":false},"featured_media":408280,"comment_status":"open","ping_status":"open","template":"","meta":[],"product_cat":[9596],"product_tag":[9435],"class_list":{"0":"post-408278","1":"product","2":"type-product","3":"status-publish","4":"has-post-thumbnail","6":"product_brand-kinija","7":"product_cat-raktai-vamzdeliams-su-ispjova","8":"product_tag-kinija","10":"first","11":"instock","12":"purchasable","13":"product-type-simple"},"jetpack_sharing_enabled":true,"_links":{"self":[{"href":"https:\/\/irankiuzona.lt\/ru\/wp-json\/wp\/v2\/product\/408278","targetHints":{"allow":["GET"]}}],"collection":[{"href":"https:\/\/irankiuzona.lt\/ru\/wp-json\/wp\/v2\/product"}],"about":[{"href":"https:\/\/irankiuzona.lt\/ru\/wp-json\/wp\/v2\/types\/product"}],"replies":[{"embeddable":true,"href":"https:\/\/irankiuzona.lt\/ru\/wp-json\/wp\/v2\/comments?post=408278"}],"version-history":[{"count":1,"href":"https:\/\/irankiuzona.lt\/ru\/wp-json\/wp\/v2\/product\/408278\/revisions"}],"predecessor-version":[{"id":426985,"href":"https:\/\/irankiuzona.lt\/ru\/wp-json\/wp\/v2\/product\/408278\/revisions\/426985"}],"wp:featuredmedia":[{"embeddable":true,"href":"https:\/\/irankiuzona.lt\/ru\/wp-json\/wp\/v2\/media\/408280"}],"wp:attachment":[{"href":"https:\/\/irankiuzona.lt\/ru\/wp-json\/wp\/v2\/media?parent=408278"}],"wp:term":[{"taxonomy":"product_cat","embeddable":true,"href":"https:\/\/irankiuzona.lt\/ru\/wp-json\/wp\/v2\/product_cat?post=408278"},{"taxonomy":"product_tag","embeddable":true,"href":"https:\/\/irankiuzona.lt\/ru\/wp-json\/wp\/v2\/product_tag?post=408278"}],"curies":[{"name":"wp","href":"https:\/\/api.w.org\/{rel}","templated":true}]}}