{"id":408281,"date":"2025-10-02T17:25:17","date_gmt":"2025-10-02T17:25:17","guid":{"rendered":"https:\/\/irankiuzona.lt\/product\/hidraulinis-domkratas-pazemintas-3ton-75-505mm\/"},"modified":"2026-04-11T06:18:45","modified_gmt":"2026-04-11T06:18:45","slug":"hidraulinis-domkratas-pazemintas-3ton-75-505mm","status":"publish","type":"product","link":"https:\/\/irankiuzona.lt\/ru\/product\/hidraulinis-domkratas-pazemintas-3ton-75-505mm\/","title":{"rendered":"Hidraulinis domkratas pa\u017eemintas 3ton (75-505mm)"},"content":{"rendered":"<p>K\u0117limo galia: 3 ton\u00a0K\u0117limo auk\u0161tis: 75-505 mmSvoris: ~29 kg<\/p>","protected":false},"excerpt":{"rendered":"<p>\u017demo profilio hidraulinis domkratas pa\u017eemintas 3ton (75-505mm) su greito prik\u0117limo pedalu<\/p>","protected":false},"featured_media":408283,"comment_status":"open","ping_status":"open","template":"","meta":[],"product_cat":[9959],"product_tag":[9435],"class_list":{"0":"post-408281","1":"product","2":"type-product","3":"status-publish","4":"has-post-thumbnail","6":"product_brand-kinija","7":"product_cat-domkratai-hidrauliniai","8":"product_tag-kinija","10":"first","11":"outofstock","12":"purchasable","13":"product-type-simple"},"jetpack_sharing_enabled":true,"_links":{"self":[{"href":"https:\/\/irankiuzona.lt\/ru\/wp-json\/wp\/v2\/product\/408281","targetHints":{"allow":["GET"]}}],"collection":[{"href":"https:\/\/irankiuzona.lt\/ru\/wp-json\/wp\/v2\/product"}],"about":[{"href":"https:\/\/irankiuzona.lt\/ru\/wp-json\/wp\/v2\/types\/product"}],"replies":[{"embeddable":true,"href":"https:\/\/irankiuzona.lt\/ru\/wp-json\/wp\/v2\/comments?post=408281"}],"version-history":[{"count":1,"href":"https:\/\/irankiuzona.lt\/ru\/wp-json\/wp\/v2\/product\/408281\/revisions"}],"predecessor-version":[{"id":426990,"href":"https:\/\/irankiuzona.lt\/ru\/wp-json\/wp\/v2\/product\/408281\/revisions\/426990"}],"wp:featuredmedia":[{"embeddable":true,"href":"https:\/\/irankiuzona.lt\/ru\/wp-json\/wp\/v2\/media\/408283"}],"wp:attachment":[{"href":"https:\/\/irankiuzona.lt\/ru\/wp-json\/wp\/v2\/media?parent=408281"}],"wp:term":[{"taxonomy":"product_cat","embeddable":true,"href":"https:\/\/irankiuzona.lt\/ru\/wp-json\/wp\/v2\/product_cat?post=408281"},{"taxonomy":"product_tag","embeddable":true,"href":"https:\/\/irankiuzona.lt\/ru\/wp-json\/wp\/v2\/product_tag?post=408281"}],"curies":[{"name":"wp","href":"https:\/\/api.w.org\/{rel}","templated":true}]}}