{"id":408308,"date":"2025-10-02T17:27:30","date_gmt":"2025-10-02T17:27:30","guid":{"rendered":"https:\/\/irankiuzona.lt\/product\/terksle-1-4-lenkta-72-dantu\/"},"modified":"2026-04-14T13:47:07","modified_gmt":"2026-04-14T13:47:07","slug":"terksle-1-4-lenkta-72-dantu","status":"publish","type":"product","link":"https:\/\/irankiuzona.lt\/ru\/product\/terksle-1-4-lenkta-72-dantu\/","title":{"rendered":"Terk\u0161l\u0117 1\/4&#8221; lenkta 72 dant\u0173"},"content":{"rendered":"<p>72 dant\u0173 terk\u0161linis mechanizmas<\/p>","protected":false},"excerpt":{"rendered":"<p>Rockforce terk\u0161l\u0117 1\/4&quot; Cr-Mo 72 dant\u0173<\/p>","protected":false},"featured_media":408310,"comment_status":"open","ping_status":"open","template":"","meta":[],"product_cat":[9507],"product_tag":[10151],"class_list":{"0":"post-408308","1":"product","2":"type-product","3":"status-publish","4":"has-post-thumbnail","6":"product_brand-lenkija-tiekejas","7":"product_cat-terksles-galvutems","8":"product_tag-lenkija-tiekejas","10":"first","11":"instock","12":"purchasable","13":"product-type-simple"},"jetpack_sharing_enabled":true,"_links":{"self":[{"href":"https:\/\/irankiuzona.lt\/ru\/wp-json\/wp\/v2\/product\/408308","targetHints":{"allow":["GET"]}}],"collection":[{"href":"https:\/\/irankiuzona.lt\/ru\/wp-json\/wp\/v2\/product"}],"about":[{"href":"https:\/\/irankiuzona.lt\/ru\/wp-json\/wp\/v2\/types\/product"}],"replies":[{"embeddable":true,"href":"https:\/\/irankiuzona.lt\/ru\/wp-json\/wp\/v2\/comments?post=408308"}],"version-history":[{"count":1,"href":"https:\/\/irankiuzona.lt\/ru\/wp-json\/wp\/v2\/product\/408308\/revisions"}],"predecessor-version":[{"id":427028,"href":"https:\/\/irankiuzona.lt\/ru\/wp-json\/wp\/v2\/product\/408308\/revisions\/427028"}],"wp:featuredmedia":[{"embeddable":true,"href":"https:\/\/irankiuzona.lt\/ru\/wp-json\/wp\/v2\/media\/408310"}],"wp:attachment":[{"href":"https:\/\/irankiuzona.lt\/ru\/wp-json\/wp\/v2\/media?parent=408308"}],"wp:term":[{"taxonomy":"product_cat","embeddable":true,"href":"https:\/\/irankiuzona.lt\/ru\/wp-json\/wp\/v2\/product_cat?post=408308"},{"taxonomy":"product_tag","embeddable":true,"href":"https:\/\/irankiuzona.lt\/ru\/wp-json\/wp\/v2\/product_tag?post=408308"}],"curies":[{"name":"wp","href":"https:\/\/api.w.org\/{rel}","templated":true}]}}