{"id":408311,"date":"2025-10-02T17:27:34","date_gmt":"2025-10-02T17:27:34","guid":{"rendered":"https:\/\/irankiuzona.lt\/product\/kryzminiu-liniju-lazerinis-nivelyras-raudonas\/"},"modified":"2026-04-12T20:12:18","modified_gmt":"2026-04-12T20:12:18","slug":"kryzminiu-liniju-lazerinis-nivelyras-raudonas","status":"publish","type":"product","link":"https:\/\/irankiuzona.lt\/ru\/product\/kryzminiu-liniju-lazerinis-nivelyras-raudonas\/","title":{"rendered":"Kry\u017emini\u0173 linij\u0173 lazerinis nivelyras (raudonas)"},"content":{"rendered":"<p>Modelis: KD10306Lazerio bangos ilgis: 510\u2013530 nmNiveliavimo tikslumas: \u00b14,5 mm \/ 15 mDarbinis atstumas: 15 mDarbinis atstumas (linija su detektoriumi): 35 mVeikimo laikas: ma\u017edaug 8 valandosMaitinimo \u0161altinis: 2 \u00d7 \u00bdAA\u00bd (LR6)<\/p>","protected":false},"excerpt":{"rendered":"<p>Lazerinis matuoklis kry\u017emin\u0117 raudona \u0161viesa<\/p>","protected":false},"featured_media":408313,"comment_status":"open","ping_status":"open","template":"","meta":[],"product_cat":[9973],"product_tag":[10104],"class_list":{"0":"post-408311","1":"product","2":"type-product","3":"status-publish","4":"has-post-thumbnail","6":"product_brand-kraftdele","7":"product_cat-lazeriniai-matuokliai","8":"product_tag-kraftdele","10":"first","11":"instock","12":"purchasable","13":"product-type-simple"},"jetpack_sharing_enabled":true,"_links":{"self":[{"href":"https:\/\/irankiuzona.lt\/ru\/wp-json\/wp\/v2\/product\/408311","targetHints":{"allow":["GET"]}}],"collection":[{"href":"https:\/\/irankiuzona.lt\/ru\/wp-json\/wp\/v2\/product"}],"about":[{"href":"https:\/\/irankiuzona.lt\/ru\/wp-json\/wp\/v2\/types\/product"}],"replies":[{"embeddable":true,"href":"https:\/\/irankiuzona.lt\/ru\/wp-json\/wp\/v2\/comments?post=408311"}],"version-history":[{"count":1,"href":"https:\/\/irankiuzona.lt\/ru\/wp-json\/wp\/v2\/product\/408311\/revisions"}],"predecessor-version":[{"id":427029,"href":"https:\/\/irankiuzona.lt\/ru\/wp-json\/wp\/v2\/product\/408311\/revisions\/427029"}],"wp:featuredmedia":[{"embeddable":true,"href":"https:\/\/irankiuzona.lt\/ru\/wp-json\/wp\/v2\/media\/408313"}],"wp:attachment":[{"href":"https:\/\/irankiuzona.lt\/ru\/wp-json\/wp\/v2\/media?parent=408311"}],"wp:term":[{"taxonomy":"product_cat","embeddable":true,"href":"https:\/\/irankiuzona.lt\/ru\/wp-json\/wp\/v2\/product_cat?post=408311"},{"taxonomy":"product_tag","embeddable":true,"href":"https:\/\/irankiuzona.lt\/ru\/wp-json\/wp\/v2\/product_tag?post=408311"}],"curies":[{"name":"wp","href":"https:\/\/api.w.org\/{rel}","templated":true}]}}