{"id":408320,"date":"2025-10-02T17:27:53","date_gmt":"2025-10-02T17:27:53","guid":{"rendered":"https:\/\/irankiuzona.lt\/product\/irankiu-komplektas-1-43-81-2-6-kampu-179-daliu\/"},"modified":"2026-04-15T02:39:06","modified_gmt":"2026-04-15T02:39:06","slug":"irankiu-komplektas-1-43-81-2-6-kampu-179-daliu","status":"publish","type":"product","link":"https:\/\/irankiuzona.lt\/ru\/product\/irankiu-komplektas-1-43-81-2-6-kampu-179-daliu\/","title":{"rendered":"\u012eranki\u0173 komplektas 1\/4+3\/8+1\/2 (6-kamp\u0173) 179 dali\u0173"},"content":{"rendered":"<p>\u012evairi\u0173 \u012franki\u0173 rinkinys 179 dali\u0173, 1\/4&quot; ir 3\/8&quot; ir 1\/2&quot;, 6 kamp\u0173 galvut\u0117s, antgaliai, terk\u0161l\u0117s. Pagaminta i\u0161 Cr-V plieno su korozijai atsparia danga, plastikinis ne\u0161iojimo d\u0117klas.<\/p>","protected":false},"excerpt":{"rendered":"<p>\u012eranki\u0173 komplektas 1\/4+3\/8+1\/2 lagamine 179 dalies<\/p>","protected":false},"featured_media":408322,"comment_status":"open","ping_status":"open","template":"","meta":[],"product_cat":[9491],"product_tag":[10130],"class_list":{"0":"post-408320","1":"product","2":"type-product","3":"status-publish","4":"has-post-thumbnail","6":"product_brand-satra-lenkija","7":"product_cat-kombinuoti-irankiu-komplektai-1-4-3-8-1-2","8":"product_tag-satra-lenkija","10":"first","11":"outofstock","12":"purchasable","13":"product-type-simple"},"jetpack_sharing_enabled":true,"_links":{"self":[{"href":"https:\/\/irankiuzona.lt\/ru\/wp-json\/wp\/v2\/product\/408320","targetHints":{"allow":["GET"]}}],"collection":[{"href":"https:\/\/irankiuzona.lt\/ru\/wp-json\/wp\/v2\/product"}],"about":[{"href":"https:\/\/irankiuzona.lt\/ru\/wp-json\/wp\/v2\/types\/product"}],"replies":[{"embeddable":true,"href":"https:\/\/irankiuzona.lt\/ru\/wp-json\/wp\/v2\/comments?post=408320"}],"version-history":[{"count":1,"href":"https:\/\/irankiuzona.lt\/ru\/wp-json\/wp\/v2\/product\/408320\/revisions"}],"predecessor-version":[{"id":427032,"href":"https:\/\/irankiuzona.lt\/ru\/wp-json\/wp\/v2\/product\/408320\/revisions\/427032"}],"wp:featuredmedia":[{"embeddable":true,"href":"https:\/\/irankiuzona.lt\/ru\/wp-json\/wp\/v2\/media\/408322"}],"wp:attachment":[{"href":"https:\/\/irankiuzona.lt\/ru\/wp-json\/wp\/v2\/media?parent=408320"}],"wp:term":[{"taxonomy":"product_cat","embeddable":true,"href":"https:\/\/irankiuzona.lt\/ru\/wp-json\/wp\/v2\/product_cat?post=408320"},{"taxonomy":"product_tag","embeddable":true,"href":"https:\/\/irankiuzona.lt\/ru\/wp-json\/wp\/v2\/product_tag?post=408320"}],"curies":[{"name":"wp","href":"https:\/\/api.w.org\/{rel}","templated":true}]}}