{"id":408350,"date":"2025-10-02T17:29:07","date_gmt":"2025-10-02T17:29:07","guid":{"rendered":"https:\/\/irankiuzona.lt\/product\/pneumatinis-1-2-verzliasukis-1700nm\/"},"modified":"2026-04-21T23:55:23","modified_gmt":"2026-04-21T23:55:23","slug":"pneumatinis-1-2-verzliasukis-1700nm","status":"publish","type":"product","link":"https:\/\/irankiuzona.lt\/ru\/product\/pneumatinis-1-2-verzliasukis-1700nm\/","title":{"rendered":"Pneumatinis 1\/2 Ver\u017eliasukis 1700Nm"},"content":{"rendered":"<p>Did\u017eiausias u\u017ever\u017eimo\/atlaisvinimo sukimo momentas: 1700 NmPavara: 1\/2 colio (kvadratin\u0117)Sukimosi greitis: iki 9000 aps.\/min.Darbinis sl\u0117gis: 6 baraiOro \u012fleidimo anga: 1\/4 colio PT\/NPTMinimalus oro \u017earnos skersmuo: 10 mmPalaikomas var\u017et\u0173 dydis: M14Grynasis svoris: 1,7 kg<\/p>","protected":false},"excerpt":{"rendered":"<p>Ver\u017eliasukis 1\/2 1700Nm pneumatinis<\/p>","protected":false},"featured_media":408352,"comment_status":"open","ping_status":"closed","template":"","meta":[],"product_cat":[9667],"product_tag":[10104],"class_list":{"0":"post-408350","1":"product","2":"type-product","3":"status-publish","4":"has-post-thumbnail","6":"product_brand-kraftdele","7":"product_cat-pneumatiniai-verzliasukiai","8":"product_tag-kraftdele","10":"first","11":"instock","12":"purchasable","13":"product-type-simple"},"jetpack_sharing_enabled":true,"_links":{"self":[{"href":"https:\/\/irankiuzona.lt\/ru\/wp-json\/wp\/v2\/product\/408350","targetHints":{"allow":["GET"]}}],"collection":[{"href":"https:\/\/irankiuzona.lt\/ru\/wp-json\/wp\/v2\/product"}],"about":[{"href":"https:\/\/irankiuzona.lt\/ru\/wp-json\/wp\/v2\/types\/product"}],"replies":[{"embeddable":true,"href":"https:\/\/irankiuzona.lt\/ru\/wp-json\/wp\/v2\/comments?post=408350"}],"version-history":[{"count":1,"href":"https:\/\/irankiuzona.lt\/ru\/wp-json\/wp\/v2\/product\/408350\/revisions"}],"predecessor-version":[{"id":427042,"href":"https:\/\/irankiuzona.lt\/ru\/wp-json\/wp\/v2\/product\/408350\/revisions\/427042"}],"wp:featuredmedia":[{"embeddable":true,"href":"https:\/\/irankiuzona.lt\/ru\/wp-json\/wp\/v2\/media\/408352"}],"wp:attachment":[{"href":"https:\/\/irankiuzona.lt\/ru\/wp-json\/wp\/v2\/media?parent=408350"}],"wp:term":[{"taxonomy":"product_cat","embeddable":true,"href":"https:\/\/irankiuzona.lt\/ru\/wp-json\/wp\/v2\/product_cat?post=408350"},{"taxonomy":"product_tag","embeddable":true,"href":"https:\/\/irankiuzona.lt\/ru\/wp-json\/wp\/v2\/product_tag?post=408350"}],"curies":[{"name":"wp","href":"https:\/\/api.w.org\/{rel}","templated":true}]}}