{"id":408353,"date":"2025-10-02T17:29:13","date_gmt":"2025-10-02T17:29:13","guid":{"rendered":"https:\/\/irankiuzona.lt\/product\/stovas-motociklui-680kg-atv\/"},"modified":"2026-04-21T22:03:37","modified_gmt":"2026-04-21T22:03:37","slug":"stovas-motociklui-680kg-atv","status":"publish","type":"product","link":"https:\/\/irankiuzona.lt\/ru\/product\/stovas-motociklui-680kg-atv\/","title":{"rendered":"Stovas motociklui 680kg ATV"},"content":{"rendered":"<p>Minimalus auk\u0161tis 110 mmMaksimalus auk\u0161tis 400 mmMaksimali apkrova 680 kgVieno laikiklio matmenys 680 \u00d7 85 mmAtstumas tarp laikikli\u0173 200 mmSvoris 28 kg<\/p>","protected":false},"excerpt":{"rendered":"<p>Laikikls motociklo stovas, keltuvas motociklui iki 680kg \/ ATV<\/p>","protected":false},"featured_media":408355,"comment_status":"open","ping_status":"open","template":"","meta":[],"product_cat":[9605],"product_tag":[10104],"class_list":{"0":"post-408353","1":"product","2":"type-product","3":"status-publish","4":"has-post-thumbnail","6":"product_brand-kraftdele","7":"product_cat-irankiai-motociklu-remontui","8":"product_tag-kraftdele","10":"first","11":"outofstock","12":"purchasable","13":"product-type-simple"},"jetpack_sharing_enabled":true,"_links":{"self":[{"href":"https:\/\/irankiuzona.lt\/ru\/wp-json\/wp\/v2\/product\/408353","targetHints":{"allow":["GET"]}}],"collection":[{"href":"https:\/\/irankiuzona.lt\/ru\/wp-json\/wp\/v2\/product"}],"about":[{"href":"https:\/\/irankiuzona.lt\/ru\/wp-json\/wp\/v2\/types\/product"}],"replies":[{"embeddable":true,"href":"https:\/\/irankiuzona.lt\/ru\/wp-json\/wp\/v2\/comments?post=408353"}],"version-history":[{"count":1,"href":"https:\/\/irankiuzona.lt\/ru\/wp-json\/wp\/v2\/product\/408353\/revisions"}],"predecessor-version":[{"id":427043,"href":"https:\/\/irankiuzona.lt\/ru\/wp-json\/wp\/v2\/product\/408353\/revisions\/427043"}],"wp:featuredmedia":[{"embeddable":true,"href":"https:\/\/irankiuzona.lt\/ru\/wp-json\/wp\/v2\/media\/408355"}],"wp:attachment":[{"href":"https:\/\/irankiuzona.lt\/ru\/wp-json\/wp\/v2\/media?parent=408353"}],"wp:term":[{"taxonomy":"product_cat","embeddable":true,"href":"https:\/\/irankiuzona.lt\/ru\/wp-json\/wp\/v2\/product_cat?post=408353"},{"taxonomy":"product_tag","embeddable":true,"href":"https:\/\/irankiuzona.lt\/ru\/wp-json\/wp\/v2\/product_tag?post=408353"}],"curies":[{"name":"wp","href":"https:\/\/api.w.org\/{rel}","templated":true}]}}