{"id":408365,"date":"2025-10-02T17:29:33","date_gmt":"2025-10-02T17:29:33","guid":{"rendered":"https:\/\/irankiuzona.lt\/product\/vonele-ultragarsine-08l\/"},"modified":"2026-04-11T19:18:42","modified_gmt":"2026-04-11T19:18:42","slug":"vonele-ultragarsine-08l","status":"publish","type":"product","link":"https:\/\/irankiuzona.lt\/ru\/product\/vonele-ultragarsine-08l\/","title":{"rendered":"Vonel\u0117 ultragarsin\u0117 0,8L"},"content":{"rendered":"<p>Da\u017enis: 48 kHzGalia: 40 WTalpa: 0,8 lSvoris: 1,1 kg<\/p>","protected":false},"excerpt":{"rendered":"<p>KD504 Ultragarsin\u0117 plovimo vonel\u0117 0,8 litr\u0173 talpos<\/p>","protected":false},"featured_media":408367,"comment_status":"open","ping_status":"open","template":"","meta":[],"product_cat":[9896],"product_tag":[10104],"class_list":{"0":"post-408365","1":"product","2":"type-product","3":"status-publish","4":"has-post-thumbnail","6":"product_brand-kraftdele","7":"product_cat-smeliasroves-irankiai-smeliavimui-plovykles","8":"product_tag-kraftdele","10":"first","11":"outofstock","12":"purchasable","13":"product-type-simple"},"jetpack_sharing_enabled":true,"_links":{"self":[{"href":"https:\/\/irankiuzona.lt\/ru\/wp-json\/wp\/v2\/product\/408365","targetHints":{"allow":["GET"]}}],"collection":[{"href":"https:\/\/irankiuzona.lt\/ru\/wp-json\/wp\/v2\/product"}],"about":[{"href":"https:\/\/irankiuzona.lt\/ru\/wp-json\/wp\/v2\/types\/product"}],"replies":[{"embeddable":true,"href":"https:\/\/irankiuzona.lt\/ru\/wp-json\/wp\/v2\/comments?post=408365"}],"version-history":[{"count":1,"href":"https:\/\/irankiuzona.lt\/ru\/wp-json\/wp\/v2\/product\/408365\/revisions"}],"predecessor-version":[{"id":427047,"href":"https:\/\/irankiuzona.lt\/ru\/wp-json\/wp\/v2\/product\/408365\/revisions\/427047"}],"wp:featuredmedia":[{"embeddable":true,"href":"https:\/\/irankiuzona.lt\/ru\/wp-json\/wp\/v2\/media\/408367"}],"wp:attachment":[{"href":"https:\/\/irankiuzona.lt\/ru\/wp-json\/wp\/v2\/media?parent=408365"}],"wp:term":[{"taxonomy":"product_cat","embeddable":true,"href":"https:\/\/irankiuzona.lt\/ru\/wp-json\/wp\/v2\/product_cat?post=408365"},{"taxonomy":"product_tag","embeddable":true,"href":"https:\/\/irankiuzona.lt\/ru\/wp-json\/wp\/v2\/product_tag?post=408365"}],"curies":[{"name":"wp","href":"https:\/\/api.w.org\/{rel}","templated":true}]}}