{"id":408368,"date":"2025-10-02T17:29:37","date_gmt":"2025-10-02T17:29:37","guid":{"rendered":"https:\/\/irankiuzona.lt\/product\/mini-slifuoklis-270w-su-235vnt-priedu\/"},"modified":"2026-04-12T00:31:06","modified_gmt":"2026-04-12T00:31:06","slug":"mini-slifuoklis-270w-su-235vnt-priedu","status":"publish","type":"product","link":"https:\/\/irankiuzona.lt\/ru\/product\/mini-slifuoklis-270w-su-235vnt-priedu\/","title":{"rendered":"Mini \u0161lifuoklis 270W  su 235vnt. pried\u0173"},"content":{"rendered":"<p>Galia: 270 W\u012etampa: 230 V \/ 50 HzGreitis be apkrovos: 8000\u201332500 aps.\/min.Priedai: 235 dalysLankstaus veleno ilgis: 105 cmGrei\u010dio reguliavimas: yra, 6 grei\u010diai<\/p>","protected":false},"excerpt":{"rendered":"<p>Precizinis \u0161lifavimo \u012frankis 270W su \u012fvairiais 235 antgaliukais, priedais<\/p>","protected":false},"featured_media":408370,"comment_status":"open","ping_status":"open","template":"","meta":[],"product_cat":[9808],"product_tag":[10104],"class_list":{"0":"post-408368","1":"product","2":"type-product","3":"status-publish","4":"has-post-thumbnail","6":"product_brand-kraftdele","7":"product_cat-graveriai-preciziniai-mini-slifuokliai","8":"product_tag-kraftdele","10":"first","11":"instock","12":"purchasable","13":"product-type-simple"},"jetpack_sharing_enabled":true,"_links":{"self":[{"href":"https:\/\/irankiuzona.lt\/ru\/wp-json\/wp\/v2\/product\/408368","targetHints":{"allow":["GET"]}}],"collection":[{"href":"https:\/\/irankiuzona.lt\/ru\/wp-json\/wp\/v2\/product"}],"about":[{"href":"https:\/\/irankiuzona.lt\/ru\/wp-json\/wp\/v2\/types\/product"}],"replies":[{"embeddable":true,"href":"https:\/\/irankiuzona.lt\/ru\/wp-json\/wp\/v2\/comments?post=408368"}],"version-history":[{"count":1,"href":"https:\/\/irankiuzona.lt\/ru\/wp-json\/wp\/v2\/product\/408368\/revisions"}],"predecessor-version":[{"id":427048,"href":"https:\/\/irankiuzona.lt\/ru\/wp-json\/wp\/v2\/product\/408368\/revisions\/427048"}],"wp:featuredmedia":[{"embeddable":true,"href":"https:\/\/irankiuzona.lt\/ru\/wp-json\/wp\/v2\/media\/408370"}],"wp:attachment":[{"href":"https:\/\/irankiuzona.lt\/ru\/wp-json\/wp\/v2\/media?parent=408368"}],"wp:term":[{"taxonomy":"product_cat","embeddable":true,"href":"https:\/\/irankiuzona.lt\/ru\/wp-json\/wp\/v2\/product_cat?post=408368"},{"taxonomy":"product_tag","embeddable":true,"href":"https:\/\/irankiuzona.lt\/ru\/wp-json\/wp\/v2\/product_tag?post=408368"}],"curies":[{"name":"wp","href":"https:\/\/api.w.org\/{rel}","templated":true}]}}