{"id":408371,"date":"2025-10-02T17:29:41","date_gmt":"2025-10-02T17:29:41","guid":{"rendered":"https:\/\/irankiuzona.lt\/product\/hidraulinis-presas-20t-su-manometru\/"},"modified":"2026-04-12T00:31:06","modified_gmt":"2026-04-12T00:31:06","slug":"hidraulinis-presas-20t-su-manometru","status":"publish","type":"product","link":"https:\/\/irankiuzona.lt\/ru\/product\/hidraulinis-presas-20t-su-manometru\/","title":{"rendered":"Hidraulinis presas 20T su manometru"},"content":{"rendered":"<p>Maksimalus sl\u0117gis: 20 ton\u0173Cilindro eiga: 190 mmSt\u016bmoklio koto skersmuo: 48 mmDarbinis diapazonas: 0\u20131020 mmDarbinio stalo plotis: 485 mm<\/p>","protected":false},"excerpt":{"rendered":"<p>Hidraulinis presas 20T su manometru ir dviej\u0173 grei\u010di\u0173 pompa<\/p>","protected":false},"featured_media":408373,"comment_status":"open","ping_status":"open","template":"","meta":[],"product_cat":[9946],"product_tag":[10104],"class_list":{"0":"post-408371","1":"product","2":"type-product","3":"status-publish","4":"has-post-thumbnail","6":"product_brand-kraftdele","7":"product_cat-hidrauliniai-presai","8":"product_tag-kraftdele","10":"first","11":"outofstock","12":"purchasable","13":"product-type-simple"},"jetpack_sharing_enabled":true,"_links":{"self":[{"href":"https:\/\/irankiuzona.lt\/ru\/wp-json\/wp\/v2\/product\/408371","targetHints":{"allow":["GET"]}}],"collection":[{"href":"https:\/\/irankiuzona.lt\/ru\/wp-json\/wp\/v2\/product"}],"about":[{"href":"https:\/\/irankiuzona.lt\/ru\/wp-json\/wp\/v2\/types\/product"}],"replies":[{"embeddable":true,"href":"https:\/\/irankiuzona.lt\/ru\/wp-json\/wp\/v2\/comments?post=408371"}],"version-history":[{"count":1,"href":"https:\/\/irankiuzona.lt\/ru\/wp-json\/wp\/v2\/product\/408371\/revisions"}],"predecessor-version":[{"id":427049,"href":"https:\/\/irankiuzona.lt\/ru\/wp-json\/wp\/v2\/product\/408371\/revisions\/427049"}],"wp:featuredmedia":[{"embeddable":true,"href":"https:\/\/irankiuzona.lt\/ru\/wp-json\/wp\/v2\/media\/408373"}],"wp:attachment":[{"href":"https:\/\/irankiuzona.lt\/ru\/wp-json\/wp\/v2\/media?parent=408371"}],"wp:term":[{"taxonomy":"product_cat","embeddable":true,"href":"https:\/\/irankiuzona.lt\/ru\/wp-json\/wp\/v2\/product_cat?post=408371"},{"taxonomy":"product_tag","embeddable":true,"href":"https:\/\/irankiuzona.lt\/ru\/wp-json\/wp\/v2\/product_tag?post=408371"}],"curies":[{"name":"wp","href":"https:\/\/api.w.org\/{rel}","templated":true}]}}