{"id":408374,"date":"2025-10-02T17:29:46","date_gmt":"2025-10-02T17:29:46","guid":{"rendered":"https:\/\/irankiuzona.lt\/product\/dyzeliniu-purkstuku-tikrinimo-stendas-3\/"},"modified":"2026-04-14T13:48:12","modified_gmt":"2026-04-14T13:48:12","slug":"dyzeliniu-purkstuku-tikrinimo-stendas-3","status":"publish","type":"product","link":"https:\/\/irankiuzona.lt\/ru\/product\/dyzeliniu-purkstuku-tikrinimo-stendas-3\/","title":{"rendered":"Dyzelini\u0173 purk\u0161tuk\u0173 tikrinimo stendas"},"content":{"rendered":"<p>Did\u017eiausias bandymo sl\u0117gis: 600 BARJungtys suderinamos su dauguma TDI ir \u201eCommon Rail\u201c purk\u0161tuk\u0173Integruotas tikslus sl\u0117gio matuoklisTvirtas metalinis korpusasKompakti\u0161ki matmenys \u2013 lengva transportuoti ir sand\u0117liuoti<\/p>","protected":false},"excerpt":{"rendered":"<p>Mechaninis dyzelini\u0173 purk\u0161tuk\u0173 tikrinimo stendas TDI iki 600 Bar<\/p>","protected":false},"featured_media":408376,"comment_status":"open","ping_status":"open","template":"","meta":[],"product_cat":[9700],"product_tag":[10104],"class_list":{"0":"post-408374","1":"product","2":"type-product","3":"status-publish","4":"has-post-thumbnail","6":"product_brand-kraftdele","7":"product_cat-dyzeliniu-purkstuku-diagnostika","8":"product_tag-kraftdele","10":"first","11":"outofstock","12":"purchasable","13":"product-type-simple"},"jetpack_sharing_enabled":true,"_links":{"self":[{"href":"https:\/\/irankiuzona.lt\/ru\/wp-json\/wp\/v2\/product\/408374","targetHints":{"allow":["GET"]}}],"collection":[{"href":"https:\/\/irankiuzona.lt\/ru\/wp-json\/wp\/v2\/product"}],"about":[{"href":"https:\/\/irankiuzona.lt\/ru\/wp-json\/wp\/v2\/types\/product"}],"replies":[{"embeddable":true,"href":"https:\/\/irankiuzona.lt\/ru\/wp-json\/wp\/v2\/comments?post=408374"}],"version-history":[{"count":1,"href":"https:\/\/irankiuzona.lt\/ru\/wp-json\/wp\/v2\/product\/408374\/revisions"}],"predecessor-version":[{"id":427050,"href":"https:\/\/irankiuzona.lt\/ru\/wp-json\/wp\/v2\/product\/408374\/revisions\/427050"}],"wp:featuredmedia":[{"embeddable":true,"href":"https:\/\/irankiuzona.lt\/ru\/wp-json\/wp\/v2\/media\/408376"}],"wp:attachment":[{"href":"https:\/\/irankiuzona.lt\/ru\/wp-json\/wp\/v2\/media?parent=408374"}],"wp:term":[{"taxonomy":"product_cat","embeddable":true,"href":"https:\/\/irankiuzona.lt\/ru\/wp-json\/wp\/v2\/product_cat?post=408374"},{"taxonomy":"product_tag","embeddable":true,"href":"https:\/\/irankiuzona.lt\/ru\/wp-json\/wp\/v2\/product_tag?post=408374"}],"curies":[{"name":"wp","href":"https:\/\/api.w.org\/{rel}","templated":true}]}}