{"id":408377,"date":"2025-10-02T17:29:50","date_gmt":"2025-10-02T17:29:50","guid":{"rendered":"https:\/\/irankiuzona.lt\/product\/pakabinama-lentyna-elektriniams-irankiams-515x225x405mm\/"},"modified":"2026-04-14T18:01:25","modified_gmt":"2026-04-14T18:01:25","slug":"pakabinama-lentyna-elektriniams-irankiams-515x225x405mm","status":"publish","type":"product","link":"https:\/\/irankiuzona.lt\/ru\/product\/pakabinama-lentyna-elektriniams-irankiams-515x225x405mm\/","title":{"rendered":"Pakabinama lentyna elektriniams \u012frankiams (515x225x405mm)"},"content":{"rendered":"<p>Med\u017eiaga: PlienasSpalva: Juoda\/raudonaDa\u017eyta milteliniu b\u016bdu3 lentyn\u0173Matmenys: 515 x 225 x 405 mm<\/p>","protected":false},"excerpt":{"rendered":"<p>Elektrini\u0173, akumuliatorini\u0173 \u012franki\u0173 pakabinama sand\u0117liavimo lentyna\u00a0515x225x405mm<\/p>","protected":false},"featured_media":408379,"comment_status":"open","ping_status":"open","template":"","meta":[],"product_cat":[9874],"product_tag":[10104],"class_list":{"0":"post-408377","1":"product","2":"type-product","3":"status-publish","4":"has-post-thumbnail","6":"product_brand-kraftdele","7":"product_cat-spinteles-stalvirsiai-perforuotos-sieneles","8":"product_tag-kraftdele","10":"first","11":"outofstock","12":"purchasable","13":"product-type-simple"},"jetpack_sharing_enabled":true,"_links":{"self":[{"href":"https:\/\/irankiuzona.lt\/ru\/wp-json\/wp\/v2\/product\/408377","targetHints":{"allow":["GET"]}}],"collection":[{"href":"https:\/\/irankiuzona.lt\/ru\/wp-json\/wp\/v2\/product"}],"about":[{"href":"https:\/\/irankiuzona.lt\/ru\/wp-json\/wp\/v2\/types\/product"}],"replies":[{"embeddable":true,"href":"https:\/\/irankiuzona.lt\/ru\/wp-json\/wp\/v2\/comments?post=408377"}],"version-history":[{"count":1,"href":"https:\/\/irankiuzona.lt\/ru\/wp-json\/wp\/v2\/product\/408377\/revisions"}],"predecessor-version":[{"id":427051,"href":"https:\/\/irankiuzona.lt\/ru\/wp-json\/wp\/v2\/product\/408377\/revisions\/427051"}],"wp:featuredmedia":[{"embeddable":true,"href":"https:\/\/irankiuzona.lt\/ru\/wp-json\/wp\/v2\/media\/408379"}],"wp:attachment":[{"href":"https:\/\/irankiuzona.lt\/ru\/wp-json\/wp\/v2\/media?parent=408377"}],"wp:term":[{"taxonomy":"product_cat","embeddable":true,"href":"https:\/\/irankiuzona.lt\/ru\/wp-json\/wp\/v2\/product_cat?post=408377"},{"taxonomy":"product_tag","embeddable":true,"href":"https:\/\/irankiuzona.lt\/ru\/wp-json\/wp\/v2\/product_tag?post=408377"}],"curies":[{"name":"wp","href":"https:\/\/api.w.org\/{rel}","templated":true}]}}