{"id":408380,"date":"2025-10-02T17:29:55","date_gmt":"2025-10-02T17:29:55","guid":{"rendered":"https:\/\/irankiuzona.lt\/product\/pakabinama-lentyna-elektriniams-irankiams-470x250x405mm\/"},"modified":"2026-04-14T22:44:09","modified_gmt":"2026-04-14T22:44:09","slug":"pakabinama-lentyna-elektriniams-irankiams-470x250x405mm","status":"publish","type":"product","link":"https:\/\/irankiuzona.lt\/ru\/product\/pakabinama-lentyna-elektriniams-irankiams-470x250x405mm\/","title":{"rendered":"Pakabinama lentyna elektriniams \u012frankiams (470x250x405mm)"},"content":{"rendered":"<p>Med\u017eiaga: plienasSpalva: juoda\/raudonada\u017eyta milteliniu b\u016bdu3 pakop\u0173matmenys: 470 x 250 x 405 mmsaugi spyna su raktu<\/p>","protected":false},"excerpt":{"rendered":"<p>Elektrini\u0173, akumuliatorini\u0173 \u012franki\u0173 pakabinama sand\u0117liavimo lentyna\u00a0470x250x405mm<\/p>","protected":false},"featured_media":408382,"comment_status":"open","ping_status":"open","template":"","meta":[],"product_cat":[9874],"product_tag":[10104],"class_list":{"0":"post-408380","1":"product","2":"type-product","3":"status-publish","4":"has-post-thumbnail","6":"product_brand-kraftdele","7":"product_cat-spinteles-stalvirsiai-perforuotos-sieneles","8":"product_tag-kraftdele","10":"first","11":"instock","12":"purchasable","13":"product-type-simple"},"jetpack_sharing_enabled":true,"_links":{"self":[{"href":"https:\/\/irankiuzona.lt\/ru\/wp-json\/wp\/v2\/product\/408380","targetHints":{"allow":["GET"]}}],"collection":[{"href":"https:\/\/irankiuzona.lt\/ru\/wp-json\/wp\/v2\/product"}],"about":[{"href":"https:\/\/irankiuzona.lt\/ru\/wp-json\/wp\/v2\/types\/product"}],"replies":[{"embeddable":true,"href":"https:\/\/irankiuzona.lt\/ru\/wp-json\/wp\/v2\/comments?post=408380"}],"version-history":[{"count":1,"href":"https:\/\/irankiuzona.lt\/ru\/wp-json\/wp\/v2\/product\/408380\/revisions"}],"predecessor-version":[{"id":427052,"href":"https:\/\/irankiuzona.lt\/ru\/wp-json\/wp\/v2\/product\/408380\/revisions\/427052"}],"wp:featuredmedia":[{"embeddable":true,"href":"https:\/\/irankiuzona.lt\/ru\/wp-json\/wp\/v2\/media\/408382"}],"wp:attachment":[{"href":"https:\/\/irankiuzona.lt\/ru\/wp-json\/wp\/v2\/media?parent=408380"}],"wp:term":[{"taxonomy":"product_cat","embeddable":true,"href":"https:\/\/irankiuzona.lt\/ru\/wp-json\/wp\/v2\/product_cat?post=408380"},{"taxonomy":"product_tag","embeddable":true,"href":"https:\/\/irankiuzona.lt\/ru\/wp-json\/wp\/v2\/product_tag?post=408380"}],"curies":[{"name":"wp","href":"https:\/\/api.w.org\/{rel}","templated":true}]}}