{"id":408383,"date":"2025-10-02T17:30:01","date_gmt":"2025-10-02T17:30:01","guid":{"rendered":"https:\/\/irankiuzona.lt\/product\/pakabinama-lentyna-elektriniams-irankiams-560x305x355mm\/"},"modified":"2026-04-15T01:03:52","modified_gmt":"2026-04-15T01:03:52","slug":"pakabinama-lentyna-elektriniams-irankiams-560x305x355mm","status":"publish","type":"product","link":"https:\/\/irankiuzona.lt\/ru\/product\/pakabinama-lentyna-elektriniams-irankiams-560x305x355mm\/","title":{"rendered":"Pakabinama lentyna elektriniams \u012frankiams (560x305x355mm)"},"content":{"rendered":"<p>Med\u017eiaga: plienasSpalva: juodaDa\u017eyta milteliniu b\u016bdu3 pakop\u0173Matmenys: 560 x 305 x 355 mm<\/p>","protected":false},"excerpt":{"rendered":"<p>Elektrini\u0173, akumuliatorini\u0173 \u012franki\u0173 pakabinama sand\u0117liavimo lentyna\u00a0560x305x355mm<\/p>","protected":false},"featured_media":408385,"comment_status":"open","ping_status":"open","template":"","meta":[],"product_cat":[9874],"product_tag":[10104],"class_list":{"0":"post-408383","1":"product","2":"type-product","3":"status-publish","4":"has-post-thumbnail","6":"product_brand-kraftdele","7":"product_cat-spinteles-stalvirsiai-perforuotos-sieneles","8":"product_tag-kraftdele","10":"first","11":"instock","12":"purchasable","13":"product-type-simple"},"jetpack_sharing_enabled":true,"_links":{"self":[{"href":"https:\/\/irankiuzona.lt\/ru\/wp-json\/wp\/v2\/product\/408383","targetHints":{"allow":["GET"]}}],"collection":[{"href":"https:\/\/irankiuzona.lt\/ru\/wp-json\/wp\/v2\/product"}],"about":[{"href":"https:\/\/irankiuzona.lt\/ru\/wp-json\/wp\/v2\/types\/product"}],"replies":[{"embeddable":true,"href":"https:\/\/irankiuzona.lt\/ru\/wp-json\/wp\/v2\/comments?post=408383"}],"version-history":[{"count":1,"href":"https:\/\/irankiuzona.lt\/ru\/wp-json\/wp\/v2\/product\/408383\/revisions"}],"predecessor-version":[{"id":427053,"href":"https:\/\/irankiuzona.lt\/ru\/wp-json\/wp\/v2\/product\/408383\/revisions\/427053"}],"wp:featuredmedia":[{"embeddable":true,"href":"https:\/\/irankiuzona.lt\/ru\/wp-json\/wp\/v2\/media\/408385"}],"wp:attachment":[{"href":"https:\/\/irankiuzona.lt\/ru\/wp-json\/wp\/v2\/media?parent=408383"}],"wp:term":[{"taxonomy":"product_cat","embeddable":true,"href":"https:\/\/irankiuzona.lt\/ru\/wp-json\/wp\/v2\/product_cat?post=408383"},{"taxonomy":"product_tag","embeddable":true,"href":"https:\/\/irankiuzona.lt\/ru\/wp-json\/wp\/v2\/product_tag?post=408383"}],"curies":[{"name":"wp","href":"https:\/\/api.w.org\/{rel}","templated":true}]}}