{"id":408398,"date":"2025-10-02T17:30:27","date_gmt":"2025-10-02T17:30:27","guid":{"rendered":"https:\/\/irankiuzona.lt\/product\/l-formos-raktai-sesiakampiai-trumpi-cv-9-15-10mm\/"},"modified":"2026-04-16T16:23:16","modified_gmt":"2026-04-16T16:23:16","slug":"l-formos-raktai-sesiakampiai-trumpi-cv-9-15-10mm","status":"publish","type":"product","link":"https:\/\/irankiuzona.lt\/ru\/product\/l-formos-raktai-sesiakampiai-trumpi-cv-9-15-10mm\/","title":{"rendered":"L-formos raktai \u0161e\u0161iakampiai trumpi CV *9 (1,5-10mm)"},"content":{"rendered":"<p>HEX \u0161e\u0161iakampiai:\u00a01.5, 2, 2.5, 3, 4, 5, 6, 8, 10 mm<\/p>","protected":false},"excerpt":{"rendered":"<p>L-formos lenkt\u0173 HEX \u0161e\u0161iakampi\u0173 trump\u0173 rakt\u0173 komplektas H1,5-H10<\/p>","protected":false},"featured_media":408400,"comment_status":"open","ping_status":"open","template":"","meta":[],"product_cat":[9560],"product_tag":[9462],"class_list":{"0":"post-408398","1":"product","2":"type-product","3":"status-publish","4":"has-post-thumbnail","6":"product_brand-condor-werkzeug-vokietija","7":"product_cat-l-formos-torx-ir-hex-raktu-komplektai","8":"product_tag-condor-werkzeug-vokietija","10":"first","11":"instock","12":"purchasable","13":"product-type-simple"},"jetpack_sharing_enabled":true,"_links":{"self":[{"href":"https:\/\/irankiuzona.lt\/ru\/wp-json\/wp\/v2\/product\/408398","targetHints":{"allow":["GET"]}}],"collection":[{"href":"https:\/\/irankiuzona.lt\/ru\/wp-json\/wp\/v2\/product"}],"about":[{"href":"https:\/\/irankiuzona.lt\/ru\/wp-json\/wp\/v2\/types\/product"}],"replies":[{"embeddable":true,"href":"https:\/\/irankiuzona.lt\/ru\/wp-json\/wp\/v2\/comments?post=408398"}],"version-history":[{"count":1,"href":"https:\/\/irankiuzona.lt\/ru\/wp-json\/wp\/v2\/product\/408398\/revisions"}],"predecessor-version":[{"id":427058,"href":"https:\/\/irankiuzona.lt\/ru\/wp-json\/wp\/v2\/product\/408398\/revisions\/427058"}],"wp:featuredmedia":[{"embeddable":true,"href":"https:\/\/irankiuzona.lt\/ru\/wp-json\/wp\/v2\/media\/408400"}],"wp:attachment":[{"href":"https:\/\/irankiuzona.lt\/ru\/wp-json\/wp\/v2\/media?parent=408398"}],"wp:term":[{"taxonomy":"product_cat","embeddable":true,"href":"https:\/\/irankiuzona.lt\/ru\/wp-json\/wp\/v2\/product_cat?post=408398"},{"taxonomy":"product_tag","embeddable":true,"href":"https:\/\/irankiuzona.lt\/ru\/wp-json\/wp\/v2\/product_tag?post=408398"}],"curies":[{"name":"wp","href":"https:\/\/api.w.org\/{rel}","templated":true}]}}