{"id":408401,"date":"2025-10-02T17:30:33","date_gmt":"2025-10-02T17:30:33","guid":{"rendered":"https:\/\/irankiuzona.lt\/product\/l-formos-raktai-torx-su-skyle-trumpi-cv9-t10-t50\/"},"modified":"2026-04-16T18:35:18","modified_gmt":"2026-04-16T18:35:18","slug":"l-formos-raktai-torx-su-skyle-trumpi-cv9-t10-t50","status":"publish","type":"product","link":"https:\/\/irankiuzona.lt\/ru\/product\/l-formos-raktai-torx-su-skyle-trumpi-cv9-t10-t50\/","title":{"rendered":"L-formos Raktai TORX su skyle trumpi CV*9 (T10-T50)"},"content":{"rendered":"<p>T10, T15, T20, T25, T27, T30, T40, T45, T50<\/p>","protected":false},"excerpt":{"rendered":"<p>L-formos lenkt\u0173 TORX su skyle (TX-star) \u0161e\u0161iakampi\u0173 trump\u0173 rakt\u0173 komplektas T10-T50<\/p>","protected":false},"featured_media":408403,"comment_status":"open","ping_status":"open","template":"","meta":[],"product_cat":[9560],"product_tag":[9462],"class_list":{"0":"post-408401","1":"product","2":"type-product","3":"status-publish","4":"has-post-thumbnail","6":"product_brand-condor-werkzeug-vokietija","7":"product_cat-l-formos-torx-ir-hex-raktu-komplektai","8":"product_tag-condor-werkzeug-vokietija","10":"first","11":"outofstock","12":"purchasable","13":"product-type-simple"},"jetpack_sharing_enabled":true,"_links":{"self":[{"href":"https:\/\/irankiuzona.lt\/ru\/wp-json\/wp\/v2\/product\/408401","targetHints":{"allow":["GET"]}}],"collection":[{"href":"https:\/\/irankiuzona.lt\/ru\/wp-json\/wp\/v2\/product"}],"about":[{"href":"https:\/\/irankiuzona.lt\/ru\/wp-json\/wp\/v2\/types\/product"}],"replies":[{"embeddable":true,"href":"https:\/\/irankiuzona.lt\/ru\/wp-json\/wp\/v2\/comments?post=408401"}],"version-history":[{"count":1,"href":"https:\/\/irankiuzona.lt\/ru\/wp-json\/wp\/v2\/product\/408401\/revisions"}],"predecessor-version":[{"id":427059,"href":"https:\/\/irankiuzona.lt\/ru\/wp-json\/wp\/v2\/product\/408401\/revisions\/427059"}],"wp:featuredmedia":[{"embeddable":true,"href":"https:\/\/irankiuzona.lt\/ru\/wp-json\/wp\/v2\/media\/408403"}],"wp:attachment":[{"href":"https:\/\/irankiuzona.lt\/ru\/wp-json\/wp\/v2\/media?parent=408401"}],"wp:term":[{"taxonomy":"product_cat","embeddable":true,"href":"https:\/\/irankiuzona.lt\/ru\/wp-json\/wp\/v2\/product_cat?post=408401"},{"taxonomy":"product_tag","embeddable":true,"href":"https:\/\/irankiuzona.lt\/ru\/wp-json\/wp\/v2\/product_tag?post=408401"}],"curies":[{"name":"wp","href":"https:\/\/api.w.org\/{rel}","templated":true}]}}