{"id":408404,"date":"2025-10-02T17:30:41","date_gmt":"2025-10-02T17:30:41","guid":{"rendered":"https:\/\/irankiuzona.lt\/product\/raktas-kryzminis-ratu-varztams-17-19-21mm-1-2\/"},"modified":"2026-04-16T19:38:01","modified_gmt":"2026-04-16T19:38:01","slug":"raktas-kryzminis-ratu-varztams-17-19-21mm-1-2","status":"publish","type":"product","link":"https:\/\/irankiuzona.lt\/ru\/product\/raktas-kryzminis-ratu-varztams-17-19-21mm-1-2\/","title":{"rendered":"Raktas kry\u017eminis rat\u0173 var\u017etams 17-19-21mm + 1\/2"},"content":{"rendered":"<p>Dydis: 17 x 19 x 21 + 1\/2 colio kvadratasMed\u017eiaga \u00f8 16 mmilgis: 380 mm<\/p>","protected":false},"excerpt":{"rendered":"<p>Automobili\u0173 rat\u0173 var\u017et\u0173 raktas &quot;kry\u017eius&quot; 17-19-21mm x 1\/2<\/p>","protected":false},"featured_media":408406,"comment_status":"open","ping_status":"open","template":"","meta":[],"product_cat":[9492],"product_tag":[9462],"class_list":{"0":"post-408404","1":"product","2":"type-product","3":"status-publish","4":"has-post-thumbnail","6":"product_brand-condor-werkzeug-vokietija","7":"product_cat-ratu-varztams-galvutes-raktai-sepeciai","8":"product_tag-condor-werkzeug-vokietija","10":"first","11":"instock","12":"purchasable","13":"product-type-simple"},"jetpack_sharing_enabled":true,"_links":{"self":[{"href":"https:\/\/irankiuzona.lt\/ru\/wp-json\/wp\/v2\/product\/408404","targetHints":{"allow":["GET"]}}],"collection":[{"href":"https:\/\/irankiuzona.lt\/ru\/wp-json\/wp\/v2\/product"}],"about":[{"href":"https:\/\/irankiuzona.lt\/ru\/wp-json\/wp\/v2\/types\/product"}],"replies":[{"embeddable":true,"href":"https:\/\/irankiuzona.lt\/ru\/wp-json\/wp\/v2\/comments?post=408404"}],"version-history":[{"count":1,"href":"https:\/\/irankiuzona.lt\/ru\/wp-json\/wp\/v2\/product\/408404\/revisions"}],"predecessor-version":[{"id":427060,"href":"https:\/\/irankiuzona.lt\/ru\/wp-json\/wp\/v2\/product\/408404\/revisions\/427060"}],"wp:featuredmedia":[{"embeddable":true,"href":"https:\/\/irankiuzona.lt\/ru\/wp-json\/wp\/v2\/media\/408406"}],"wp:attachment":[{"href":"https:\/\/irankiuzona.lt\/ru\/wp-json\/wp\/v2\/media?parent=408404"}],"wp:term":[{"taxonomy":"product_cat","embeddable":true,"href":"https:\/\/irankiuzona.lt\/ru\/wp-json\/wp\/v2\/product_cat?post=408404"},{"taxonomy":"product_tag","embeddable":true,"href":"https:\/\/irankiuzona.lt\/ru\/wp-json\/wp\/v2\/product_tag?post=408404"}],"curies":[{"name":"wp","href":"https:\/\/api.w.org\/{rel}","templated":true}]}}