{"id":408407,"date":"2025-10-02T17:30:48","date_gmt":"2025-10-02T17:30:48","guid":{"rendered":"https:\/\/irankiuzona.lt\/product\/stovai-atramos-3ton-303-438mm-2vnt-su-fiksavimo-kaisciu\/"},"modified":"2026-04-16T22:23:43","modified_gmt":"2026-04-16T22:23:43","slug":"stovai-atramos-3ton-303-438mm-2vnt-su-fiksavimo-kaisciu","status":"publish","type":"product","link":"https:\/\/irankiuzona.lt\/ru\/product\/stovai-atramos-3ton-303-438mm-2vnt-su-fiksavimo-kaisciu\/","title":{"rendered":"Stovai-atramos 3ton (303-438mm) 2vnt. su fiksavimo kai\u0161\u010diu"},"content":{"rendered":"<p>Apkrova: iki 3000 kg (3 Ton)Reguliuojamas auk\u0161tis: 303-438 mmSvoris: 7 kg<\/p>","protected":false},"excerpt":{"rendered":"<p>Automobili\u0173 atramos-stovai 2 vnt. \/ 3Ton\u0173 303-438mm \/ JCB-TH53003E<\/p>","protected":false},"featured_media":408409,"comment_status":"open","ping_status":"closed","template":"","meta":[],"product_cat":[9664],"product_tag":[10143],"class_list":{"0":"post-408407","1":"product","2":"type-product","3":"status-publish","4":"has-post-thumbnail","6":"product_brand-jcb","7":"product_cat-stovai-atramos","8":"product_tag-jcb","10":"first","11":"outofstock","12":"purchasable","13":"product-type-simple"},"jetpack_sharing_enabled":true,"_links":{"self":[{"href":"https:\/\/irankiuzona.lt\/ru\/wp-json\/wp\/v2\/product\/408407","targetHints":{"allow":["GET"]}}],"collection":[{"href":"https:\/\/irankiuzona.lt\/ru\/wp-json\/wp\/v2\/product"}],"about":[{"href":"https:\/\/irankiuzona.lt\/ru\/wp-json\/wp\/v2\/types\/product"}],"replies":[{"embeddable":true,"href":"https:\/\/irankiuzona.lt\/ru\/wp-json\/wp\/v2\/comments?post=408407"}],"version-history":[{"count":1,"href":"https:\/\/irankiuzona.lt\/ru\/wp-json\/wp\/v2\/product\/408407\/revisions"}],"predecessor-version":[{"id":427061,"href":"https:\/\/irankiuzona.lt\/ru\/wp-json\/wp\/v2\/product\/408407\/revisions\/427061"}],"wp:featuredmedia":[{"embeddable":true,"href":"https:\/\/irankiuzona.lt\/ru\/wp-json\/wp\/v2\/media\/408409"}],"wp:attachment":[{"href":"https:\/\/irankiuzona.lt\/ru\/wp-json\/wp\/v2\/media?parent=408407"}],"wp:term":[{"taxonomy":"product_cat","embeddable":true,"href":"https:\/\/irankiuzona.lt\/ru\/wp-json\/wp\/v2\/product_cat?post=408407"},{"taxonomy":"product_tag","embeddable":true,"href":"https:\/\/irankiuzona.lt\/ru\/wp-json\/wp\/v2\/product_tag?post=408407"}],"curies":[{"name":"wp","href":"https:\/\/api.w.org\/{rel}","templated":true}]}}