{"id":408440,"date":"2025-10-02T17:31:51","date_gmt":"2025-10-02T17:31:51","guid":{"rendered":"https:\/\/irankiuzona.lt\/product\/markeris-bronzinis-1mm\/"},"modified":"2026-05-09T18:42:13","modified_gmt":"2026-05-09T18:42:13","slug":"markeris-bronzinis-1mm","status":"publish","type":"product","link":"https:\/\/irankiuzona.lt\/ru\/product\/markeris-bronzinis-1mm\/","title":{"rendered":"Markeris bronzinis 1mm"},"content":{"rendered":"<p>\u017dymeklis bronzin\u0117s spalvos.\u00a0<\/p>\n<p>Puikiai tinka ra\u0161ymui, pie\u0161imui ir brai\u017eymui ant baltos arba tamsios popieriaus lapo.<br \/>\nRa\u0161alai yra permanentiniai ant popieriaus ir kit\u0173 por\u0117t\u0173 pavir\u0161i\u0173, dalinai permanentiniai ant stiklo, metalo bei plastiko.<br \/>\nApvalus antgalis u\u017etikrina lyg\u0173 ra\u0161ym\u0105.<br \/>\nErgonomi\u0161kas korpusas patogiam laikymui rankoje.<br \/>\nAtsparus \u0161viesai, tod\u0117l pie\u0161iniai ir u\u017era\u0161ai ilgai i\u0161lieka ry\u0161k\u016bs.<br \/>\nLinijos storis \u2013 1,0 mm.<br \/>\nPakuot\u0117je \u2013 10 vnt.\u00a0<\/p>","protected":false},"excerpt":{"rendered":"<p>\u017dymeklis Centropen 2670 1 mm bronzinis<\/p>","protected":false},"featured_media":408442,"comment_status":"open","ping_status":"open","template":"","meta":[],"product_cat":[9684],"product_tag":[],"class_list":{"0":"post-408440","1":"product","2":"type-product","3":"status-publish","4":"has-post-thumbnail","6":"product_cat-staliaus-piestukai-markeriai-technines-kreidos","8":"first","9":"instock","10":"purchasable","11":"product-type-simple"},"jetpack_sharing_enabled":true,"_links":{"self":[{"href":"https:\/\/irankiuzona.lt\/ru\/wp-json\/wp\/v2\/product\/408440","targetHints":{"allow":["GET"]}}],"collection":[{"href":"https:\/\/irankiuzona.lt\/ru\/wp-json\/wp\/v2\/product"}],"about":[{"href":"https:\/\/irankiuzona.lt\/ru\/wp-json\/wp\/v2\/types\/product"}],"replies":[{"embeddable":true,"href":"https:\/\/irankiuzona.lt\/ru\/wp-json\/wp\/v2\/comments?post=408440"}],"version-history":[{"count":1,"href":"https:\/\/irankiuzona.lt\/ru\/wp-json\/wp\/v2\/product\/408440\/revisions"}],"predecessor-version":[{"id":427072,"href":"https:\/\/irankiuzona.lt\/ru\/wp-json\/wp\/v2\/product\/408440\/revisions\/427072"}],"wp:featuredmedia":[{"embeddable":true,"href":"https:\/\/irankiuzona.lt\/ru\/wp-json\/wp\/v2\/media\/408442"}],"wp:attachment":[{"href":"https:\/\/irankiuzona.lt\/ru\/wp-json\/wp\/v2\/media?parent=408440"}],"wp:term":[{"taxonomy":"product_cat","embeddable":true,"href":"https:\/\/irankiuzona.lt\/ru\/wp-json\/wp\/v2\/product_cat?post=408440"},{"taxonomy":"product_tag","embeddable":true,"href":"https:\/\/irankiuzona.lt\/ru\/wp-json\/wp\/v2\/product_tag?post=408440"}],"curies":[{"name":"wp","href":"https:\/\/api.w.org\/{rel}","templated":true}]}}