{"id":408443,"date":"2025-10-02T17:31:55","date_gmt":"2025-10-02T17:31:55","guid":{"rendered":"https:\/\/irankiuzona.lt\/product\/markeris-auksinis-1mm\/"},"modified":"2026-05-09T12:58:00","modified_gmt":"2026-05-09T12:58:00","slug":"markeris-auksinis-1mm","status":"publish","type":"product","link":"https:\/\/irankiuzona.lt\/ru\/product\/markeris-auksinis-1mm\/","title":{"rendered":"Markeris auksinis 1mm"},"content":{"rendered":"<p>\u017dymeklis aukso spalvos.<\/p>\n<p>Permanentinis<br \/>\nErgonomin\u0117 laikymo zona.<br \/>\n\u0160viesos atsparus.<br \/>\nBr\u0117\u017eio storis &#8211; 1,0 mm.<br \/>\nTinka ant \u012fvairi\u0173 pavir\u0161i\u0173.<\/p>","protected":false},"excerpt":{"rendered":"<p>\u017dymeklis Centropen 2670 1 mm auksinis<\/p>","protected":false},"featured_media":408445,"comment_status":"open","ping_status":"open","template":"","meta":[],"product_cat":[9684],"product_tag":[],"class_list":{"0":"post-408443","1":"product","2":"type-product","3":"status-publish","4":"has-post-thumbnail","6":"product_cat-staliaus-piestukai-markeriai-technines-kreidos","8":"first","9":"instock","10":"purchasable","11":"product-type-simple"},"jetpack_sharing_enabled":true,"_links":{"self":[{"href":"https:\/\/irankiuzona.lt\/ru\/wp-json\/wp\/v2\/product\/408443","targetHints":{"allow":["GET"]}}],"collection":[{"href":"https:\/\/irankiuzona.lt\/ru\/wp-json\/wp\/v2\/product"}],"about":[{"href":"https:\/\/irankiuzona.lt\/ru\/wp-json\/wp\/v2\/types\/product"}],"replies":[{"embeddable":true,"href":"https:\/\/irankiuzona.lt\/ru\/wp-json\/wp\/v2\/comments?post=408443"}],"version-history":[{"count":1,"href":"https:\/\/irankiuzona.lt\/ru\/wp-json\/wp\/v2\/product\/408443\/revisions"}],"predecessor-version":[{"id":427073,"href":"https:\/\/irankiuzona.lt\/ru\/wp-json\/wp\/v2\/product\/408443\/revisions\/427073"}],"wp:featuredmedia":[{"embeddable":true,"href":"https:\/\/irankiuzona.lt\/ru\/wp-json\/wp\/v2\/media\/408445"}],"wp:attachment":[{"href":"https:\/\/irankiuzona.lt\/ru\/wp-json\/wp\/v2\/media?parent=408443"}],"wp:term":[{"taxonomy":"product_cat","embeddable":true,"href":"https:\/\/irankiuzona.lt\/ru\/wp-json\/wp\/v2\/product_cat?post=408443"},{"taxonomy":"product_tag","embeddable":true,"href":"https:\/\/irankiuzona.lt\/ru\/wp-json\/wp\/v2\/product_tag?post=408443"}],"curies":[{"name":"wp","href":"https:\/\/api.w.org\/{rel}","templated":true}]}}