{"id":408449,"date":"2025-10-02T17:32:02","date_gmt":"2025-10-02T17:32:02","guid":{"rendered":"https:\/\/irankiuzona.lt\/product\/pneumo-hidraulinis-presas-30tonu\/"},"modified":"2026-05-09T07:53:46","modified_gmt":"2026-05-09T07:53:46","slug":"pneumo-hidraulinis-presas-30tonu","status":"publish","type":"product","link":"https:\/\/irankiuzona.lt\/ru\/product\/pneumo-hidraulinis-presas-30tonu\/","title":{"rendered":"Pneumo-Hidraulinis presas 30ton\u0173"},"content":{"rendered":"<p>\u2699\ufe0f 30 ton\u0173 galia\u2699\ufe0f St\u016bmoklis slankioja \u012f kair\u0119 ir \u012f de\u0161in\u0119\u2699\ufe0f Darbinis diapazonas: 0\u2013950 mm\u2699\ufe0f Reguliuojamas presavimo plok\u0161tumos auk\u0161tis 8 lygiais\u2699\ufe0f St\u016bmoklio plotis: 50 mm\u2699\ufe0f St\u016bmoklio eiga: 140 mm\u2699\ufe0f Pridedamos dvi ketaus plok\u0161t\u0117s30 ton\u0173 hidraulinis presas su slankiojan\u010diu st\u016bmokliu yra i\u0161skirtinai tvirtas ir universalus dirbtuvi\u0173 \u012frankis, skirtas intensyviam naudojimui aptarnavimo centruose, dirbtuv\u0117se ir gamybos \u012fmon\u0117se. St\u016bmokl\u012f galima judinti \u012f kair\u0119 ir \u012f de\u0161in\u0119, u\u017etikrinant tiksl\u0173 pritaikym\u0105 prie ruo\u0161ini\u0173. 8 lygi\u0173 reguliuojamas darbinis pavir\u0161ius leid\u017eia pritaikyti darbo viet\u0105 pagal savo poreikius. Ilgas st\u016bmoklio eigos ilgis ir 30 ton\u0173 sl\u0117gis leid\u017eia patogiai presuoti, tiesinti ir surinkti komponentus, kuriems reikalinga didel\u0117 presavimo j\u0117ga.<\/p>","protected":false},"excerpt":{"rendered":"<p>Hidraulinis presas iki 30Ton\u0173 su pneumatine pompa<\/p>","protected":false},"featured_media":408451,"comment_status":"open","ping_status":"open","template":"","meta":[],"product_cat":[9946],"product_tag":[10104],"class_list":{"0":"post-408449","1":"product","2":"type-product","3":"status-publish","4":"has-post-thumbnail","6":"product_brand-kraftdele","7":"product_cat-hidrauliniai-presai","8":"product_tag-kraftdele","10":"first","11":"outofstock","12":"purchasable","13":"product-type-simple"},"jetpack_sharing_enabled":true,"_links":{"self":[{"href":"https:\/\/irankiuzona.lt\/ru\/wp-json\/wp\/v2\/product\/408449","targetHints":{"allow":["GET"]}}],"collection":[{"href":"https:\/\/irankiuzona.lt\/ru\/wp-json\/wp\/v2\/product"}],"about":[{"href":"https:\/\/irankiuzona.lt\/ru\/wp-json\/wp\/v2\/types\/product"}],"replies":[{"embeddable":true,"href":"https:\/\/irankiuzona.lt\/ru\/wp-json\/wp\/v2\/comments?post=408449"}],"version-history":[{"count":1,"href":"https:\/\/irankiuzona.lt\/ru\/wp-json\/wp\/v2\/product\/408449\/revisions"}],"predecessor-version":[{"id":427075,"href":"https:\/\/irankiuzona.lt\/ru\/wp-json\/wp\/v2\/product\/408449\/revisions\/427075"}],"wp:featuredmedia":[{"embeddable":true,"href":"https:\/\/irankiuzona.lt\/ru\/wp-json\/wp\/v2\/media\/408451"}],"wp:attachment":[{"href":"https:\/\/irankiuzona.lt\/ru\/wp-json\/wp\/v2\/media?parent=408449"}],"wp:term":[{"taxonomy":"product_cat","embeddable":true,"href":"https:\/\/irankiuzona.lt\/ru\/wp-json\/wp\/v2\/product_cat?post=408449"},{"taxonomy":"product_tag","embeddable":true,"href":"https:\/\/irankiuzona.lt\/ru\/wp-json\/wp\/v2\/product_tag?post=408449"}],"curies":[{"name":"wp","href":"https:\/\/api.w.org\/{rel}","templated":true}]}}