{"id":408482,"date":"2025-10-02T17:32:52","date_gmt":"2025-10-02T17:32:52","guid":{"rendered":"https:\/\/irankiuzona.lt\/product\/ivairiu-smuginiu-prailgintuvu-komplektas-1-43-81-2-9-daliu\/"},"modified":"2026-04-09T08:15:30","modified_gmt":"2026-04-09T08:15:30","slug":"ivairiu-smuginiu-prailgintuvu-komplektas-1-43-81-2-9-daliu","status":"publish","type":"product","link":"https:\/\/irankiuzona.lt\/ru\/product\/ivairiu-smuginiu-prailgintuvu-komplektas-1-43-81-2-9-daliu\/","title":{"rendered":"\u012evairi\u0173 sm\u016bgini\u0173 prailgintuv\u0173 komplektas 1\/4+3\/8+1\/2 , 9 dali\u0173"},"content":{"rendered":"<p>\u2699\ufe0f 1\/4 colio prailginimo ilgiai: 50 mm, 100 mm, 150 mm\u2699\ufe0f 3\/8 colio prailginimo ilgiai: 75 mm, 150 mm, 250 mm\u2699\ufe0f 1\/2 colio prailginimo ilgiai: 75 mm, 125 mm, 250 mm<\/p>","protected":false},"excerpt":{"rendered":"<p>Prailgintuvai sm\u016bginiai 1\/4-3\/8-1\/2 9vnt. plastikin\u0117je d\u0117\u017eut\u0117je<\/p>","protected":false},"featured_media":408484,"comment_status":"open","ping_status":"open","template":"","meta":[],"product_cat":[9509],"product_tag":[10104],"class_list":{"0":"post-408482","1":"product","2":"type-product","3":"status-publish","4":"has-post-thumbnail","6":"product_brand-kraftdele","7":"product_cat-prailgintuvu-komplektai","8":"product_tag-kraftdele","10":"first","11":"instock","12":"purchasable","13":"product-type-simple"},"jetpack_sharing_enabled":true,"_links":{"self":[{"href":"https:\/\/irankiuzona.lt\/ru\/wp-json\/wp\/v2\/product\/408482","targetHints":{"allow":["GET"]}}],"collection":[{"href":"https:\/\/irankiuzona.lt\/ru\/wp-json\/wp\/v2\/product"}],"about":[{"href":"https:\/\/irankiuzona.lt\/ru\/wp-json\/wp\/v2\/types\/product"}],"replies":[{"embeddable":true,"href":"https:\/\/irankiuzona.lt\/ru\/wp-json\/wp\/v2\/comments?post=408482"}],"version-history":[{"count":1,"href":"https:\/\/irankiuzona.lt\/ru\/wp-json\/wp\/v2\/product\/408482\/revisions"}],"predecessor-version":[{"id":427086,"href":"https:\/\/irankiuzona.lt\/ru\/wp-json\/wp\/v2\/product\/408482\/revisions\/427086"}],"wp:featuredmedia":[{"embeddable":true,"href":"https:\/\/irankiuzona.lt\/ru\/wp-json\/wp\/v2\/media\/408484"}],"wp:attachment":[{"href":"https:\/\/irankiuzona.lt\/ru\/wp-json\/wp\/v2\/media?parent=408482"}],"wp:term":[{"taxonomy":"product_cat","embeddable":true,"href":"https:\/\/irankiuzona.lt\/ru\/wp-json\/wp\/v2\/product_cat?post=408482"},{"taxonomy":"product_tag","embeddable":true,"href":"https:\/\/irankiuzona.lt\/ru\/wp-json\/wp\/v2\/product_tag?post=408482"}],"curies":[{"name":"wp","href":"https:\/\/api.w.org\/{rel}","templated":true}]}}