{"id":408653,"date":"2025-10-11T22:07:16","date_gmt":"2025-10-11T22:07:16","guid":{"rendered":"https:\/\/irankiuzona.lt\/product\/akumuliatorinis-smuginis-verzliasukis-3-4-18v-1000\/"},"modified":"2026-04-20T09:25:16","modified_gmt":"2026-04-20T09:25:16","slug":"akumuliatorinis-smuginis-verzliasukis-3-4-18v-1000","status":"publish","type":"product","link":"https:\/\/irankiuzona.lt\/ru\/product\/akumuliatorinis-smuginis-verzliasukis-3-4-18v-1000\/","title":{"rendered":"Akumuliatorinis sm\u016bginis ver\u017elias\u016bkis 3\/4 18V 1000"},"content":{"rendered":"<p>Labai galingas ir efektyvus prietaisas, skirtas lengvai ir greitai atsukti ir priver\u017eti dideli\u0173 dyd\u017ei\u0173 ver\u017eles ir var\u017etus, jungian\u010dius elementus, veikiamus labai didel\u0117ms apkrovoms. Puikiai tinka automobili\u0173 remonto servisams, metalo apdirbimo dirbtuv\u0117ms, \u0161altkalvi\u0173 ir karkasini\u0173 konstrukcij\u0173 dirbtuv\u0117ms.<br \/>\nSavyb\u0117s:Sukimo momentas \u2013 1000 Nm.Maksimalus sukimo momentas \u2013 1300 Nm.Rankena \u2013 kvadratin\u0117, 3\/4 coli\u0173.Sukimosi greitis: 0-950\/0-1600\/0-1900 RPM.Poveikio da\u017enis: 0-2300 IPM.3 grei\u010dio\/sukimo momento nustatymai.Grei\u010dio reguliavimas ant jungiklio.Mink\u0161ta, neslystanti rankena.De\u0161inysis ir kairysis sukimosi jungiklis.Metalinis pavar\u0173 d\u0117\u017e\u0117s korpusas.Metalinis pavaros mechanizmas.Variklis be \u0161epet\u0117li\u0173.Variklio apsauga nuo dulki\u0173, metalo daleli\u0173 ir u\u017espaudimo.Apsauga nuo perkaitimo.LED \u0161viesa.Svoris 3,05 kg.OneAccuSystem.\u012etampa 18 V<br \/>\n\u012eKRAUNAMAS AKUMULIATORIUS-BATERIJA 6.0AH \/ 18V &#8211; HT2E241-A60Savyb\u0117s:Technologija \u2013 Li-on.\u012etampa \u2013 18 V.Talpa \u2013 6,0 Ah.Svoris &#8211; 0,96 kg.nuo perkaitimo, perkrovimo, trumpojo jungimo.\u012ekrovimo indikatorius.<br \/>\n\u012eKROVIKLIS, GREITO KROVIMO 6A &#8211; HT2E243-C60Savyb\u0117s:\u012etampa \u2013 18 V.Srov\u0117 &#8211; 6 A.Svoris &#8211; 0,7 kg.Apsauga nuo \u200b\u200bperkaitimo, perkrovimo, trumpojo jungimo.\u012ekrovimo eigos indikatorius.Baterijos au\u0161inimas.\u012ekrovimo laikas 80% 2 A akumuliatoriaus yra 20 minu\u010di\u0173.\u012ekrovimo laikas 80% 4 A akumuliatoriaus yra 40 minu\u010di\u0173.\u012ekrovimo laikas 80% 6 A akumuliatoriaus yra 60 minu\u010di\u0173.<\/p>","protected":false},"excerpt":{"rendered":"<p>Akumuliatorinis sm\u016bginis ver\u017elias\u016bkis 3\/4 18V 1000<\/p>","protected":false},"featured_media":405678,"comment_status":"open","ping_status":"open","template":"","meta":[],"product_cat":[10114],"product_tag":[9969],"class_list":{"0":"post-408653","1":"product","2":"type-product","3":"status-publish","4":"has-post-thumbnail","6":"product_brand-hogert-technik-vokietija","7":"product_cat-1-2-smuginiai-akumuliatoriniai-verzliasukiai","8":"product_tag-hogert-technik-vokietija","10":"first","11":"outofstock","12":"purchasable","13":"product-type-simple"},"jetpack_sharing_enabled":true,"_links":{"self":[{"href":"https:\/\/irankiuzona.lt\/ru\/wp-json\/wp\/v2\/product\/408653","targetHints":{"allow":["GET"]}}],"collection":[{"href":"https:\/\/irankiuzona.lt\/ru\/wp-json\/wp\/v2\/product"}],"about":[{"href":"https:\/\/irankiuzona.lt\/ru\/wp-json\/wp\/v2\/types\/product"}],"replies":[{"embeddable":true,"href":"https:\/\/irankiuzona.lt\/ru\/wp-json\/wp\/v2\/comments?post=408653"}],"version-history":[{"count":1,"href":"https:\/\/irankiuzona.lt\/ru\/wp-json\/wp\/v2\/product\/408653\/revisions"}],"predecessor-version":[{"id":427465,"href":"https:\/\/irankiuzona.lt\/ru\/wp-json\/wp\/v2\/product\/408653\/revisions\/427465"}],"wp:featuredmedia":[{"embeddable":true,"href":"https:\/\/irankiuzona.lt\/ru\/wp-json\/wp\/v2\/media\/405678"}],"wp:attachment":[{"href":"https:\/\/irankiuzona.lt\/ru\/wp-json\/wp\/v2\/media?parent=408653"}],"wp:term":[{"taxonomy":"product_cat","embeddable":true,"href":"https:\/\/irankiuzona.lt\/ru\/wp-json\/wp\/v2\/product_cat?post=408653"},{"taxonomy":"product_tag","embeddable":true,"href":"https:\/\/irankiuzona.lt\/ru\/wp-json\/wp\/v2\/product_tag?post=408653"}],"curies":[{"name":"wp","href":"https:\/\/api.w.org\/{rel}","templated":true}]}}