{"id":408658,"date":"2025-10-11T22:13:46","date_gmt":"2025-10-11T22:13:46","guid":{"rendered":"https:\/\/irankiuzona.lt\/product\/stovai-atramos-3ton-su-fiksavimo-kaisciu-300-444mm-2vnt\/"},"modified":"2026-04-20T15:27:00","modified_gmt":"2026-04-20T15:27:00","slug":"stovai-atramos-3ton-su-fiksavimo-kaisciu-300-444mm-2vnt","status":"publish","type":"product","link":"https:\/\/irankiuzona.lt\/ru\/product\/stovai-atramos-3ton-su-fiksavimo-kaisciu-300-444mm-2vnt\/","title":{"rendered":"Stovai-atramos 3ton su fiksavimo kai\u0161\u010diu \/ 300-444mm \/ 2vnt."},"content":{"rendered":"<p>Maksimali apkrova: 3000 kg (3 ton)Minimalus auk\u0161tis: 300 mmMaksimalus auk\u0161tis: 444 mmKomplekte: 2 vnt.<\/p>","protected":false},"excerpt":{"rendered":"<p>Atram\u0173 komplektas 3ton\u0173 su apsauginiu fiksavimo kai\u0161\u010diu \/ 2vnt. \/ reguliuojamas auk\u0161tis 300-444mm \/ HOGERT\u00a0HT8G063<\/p>","protected":false},"featured_media":408660,"comment_status":"open","ping_status":"closed","template":"","meta":[],"product_cat":[9664],"product_tag":[9969],"class_list":{"0":"post-408658","1":"product","2":"type-product","3":"status-publish","4":"has-post-thumbnail","6":"product_brand-hogert-technik-vokietija","7":"product_cat-stovai-atramos","8":"product_tag-hogert-technik-vokietija","10":"first","11":"instock","12":"purchasable","13":"product-type-simple"},"jetpack_sharing_enabled":true,"_links":{"self":[{"href":"https:\/\/irankiuzona.lt\/ru\/wp-json\/wp\/v2\/product\/408658","targetHints":{"allow":["GET"]}}],"collection":[{"href":"https:\/\/irankiuzona.lt\/ru\/wp-json\/wp\/v2\/product"}],"about":[{"href":"https:\/\/irankiuzona.lt\/ru\/wp-json\/wp\/v2\/types\/product"}],"replies":[{"embeddable":true,"href":"https:\/\/irankiuzona.lt\/ru\/wp-json\/wp\/v2\/comments?post=408658"}],"version-history":[{"count":1,"href":"https:\/\/irankiuzona.lt\/ru\/wp-json\/wp\/v2\/product\/408658\/revisions"}],"predecessor-version":[{"id":427095,"href":"https:\/\/irankiuzona.lt\/ru\/wp-json\/wp\/v2\/product\/408658\/revisions\/427095"}],"wp:featuredmedia":[{"embeddable":true,"href":"https:\/\/irankiuzona.lt\/ru\/wp-json\/wp\/v2\/media\/408660"}],"wp:attachment":[{"href":"https:\/\/irankiuzona.lt\/ru\/wp-json\/wp\/v2\/media?parent=408658"}],"wp:term":[{"taxonomy":"product_cat","embeddable":true,"href":"https:\/\/irankiuzona.lt\/ru\/wp-json\/wp\/v2\/product_cat?post=408658"},{"taxonomy":"product_tag","embeddable":true,"href":"https:\/\/irankiuzona.lt\/ru\/wp-json\/wp\/v2\/product_tag?post=408658"}],"curies":[{"name":"wp","href":"https:\/\/api.w.org\/{rel}","templated":true}]}}