{"id":408661,"date":"2025-10-11T22:13:49","date_gmt":"2025-10-11T22:13:49","guid":{"rendered":"https:\/\/irankiuzona.lt\/product\/hidraulinis-domkratas-25ton-zemo-profilio-72-505-mm\/"},"modified":"2026-04-20T18:34:17","modified_gmt":"2026-04-20T18:34:17","slug":"hidraulinis-domkratas-25ton-zemo-profilio-72-505-mm","status":"publish","type":"product","link":"https:\/\/irankiuzona.lt\/ru\/product\/hidraulinis-domkratas-25ton-zemo-profilio-72-505-mm\/","title":{"rendered":"Hidraulinis domkratas 2,5ton \u017eemo profilio \/ 72-505 mm"},"content":{"rendered":"<p>Minimalus k\u0117limo auk\u0161tis: 72 mm.Maksimalus k\u0117limo auk\u0161tis: 505 mm.Maksimali apkrova: 2500 kg (2,5 tonos)Svoris: 28 kg.<\/p>","protected":false},"excerpt":{"rendered":"<p>\u017demo profilio hidraulinis domkratas 2,5Ton\u0173, k\u0117limo auk\u0161tis: 72-505mm \/ Hogert\u00a0HT8G060<\/p>","protected":false},"featured_media":408663,"comment_status":"open","ping_status":"closed","template":"","meta":[],"product_cat":[9959],"product_tag":[9969],"class_list":{"0":"post-408661","1":"product","2":"type-product","3":"status-publish","4":"has-post-thumbnail","6":"product_brand-hogert-technik-vokietija","7":"product_cat-domkratai-hidrauliniai","8":"product_tag-hogert-technik-vokietija","10":"first","11":"instock","12":"purchasable","13":"product-type-simple"},"jetpack_sharing_enabled":true,"_links":{"self":[{"href":"https:\/\/irankiuzona.lt\/ru\/wp-json\/wp\/v2\/product\/408661","targetHints":{"allow":["GET"]}}],"collection":[{"href":"https:\/\/irankiuzona.lt\/ru\/wp-json\/wp\/v2\/product"}],"about":[{"href":"https:\/\/irankiuzona.lt\/ru\/wp-json\/wp\/v2\/types\/product"}],"replies":[{"embeddable":true,"href":"https:\/\/irankiuzona.lt\/ru\/wp-json\/wp\/v2\/comments?post=408661"}],"version-history":[{"count":1,"href":"https:\/\/irankiuzona.lt\/ru\/wp-json\/wp\/v2\/product\/408661\/revisions"}],"predecessor-version":[{"id":427096,"href":"https:\/\/irankiuzona.lt\/ru\/wp-json\/wp\/v2\/product\/408661\/revisions\/427096"}],"wp:featuredmedia":[{"embeddable":true,"href":"https:\/\/irankiuzona.lt\/ru\/wp-json\/wp\/v2\/media\/408663"}],"wp:attachment":[{"href":"https:\/\/irankiuzona.lt\/ru\/wp-json\/wp\/v2\/media?parent=408661"}],"wp:term":[{"taxonomy":"product_cat","embeddable":true,"href":"https:\/\/irankiuzona.lt\/ru\/wp-json\/wp\/v2\/product_cat?post=408661"},{"taxonomy":"product_tag","embeddable":true,"href":"https:\/\/irankiuzona.lt\/ru\/wp-json\/wp\/v2\/product_tag?post=408661"}],"curies":[{"name":"wp","href":"https:\/\/api.w.org\/{rel}","templated":true}]}}