{"id":408667,"date":"2025-10-11T22:14:03","date_gmt":"2025-10-11T22:14:03","guid":{"rendered":"https:\/\/irankiuzona.lt\/product\/hidraulinis-domkratas-2ton-zemo-profilio-85-430mm\/"},"modified":"2026-04-20T22:09:38","modified_gmt":"2026-04-20T22:09:38","slug":"hidraulinis-domkratas-2ton-zemo-profilio-85-430mm","status":"publish","type":"product","link":"https:\/\/irankiuzona.lt\/ru\/product\/hidraulinis-domkratas-2ton-zemo-profilio-85-430mm\/","title":{"rendered":"Hidraulinis domkratas 2Ton \u017eemo profilio \/ 85-430mm"},"content":{"rendered":"<p>Minimalus k\u0117limo auk\u0161tis: 85 mm.Maksimalus k\u0117limo auk\u0161tis: 430 mm.Maksimali apkrova: 2000 kg (2 tonos)Svoris: 22 kg.<\/p>","protected":false},"excerpt":{"rendered":"<p>\u017demo profilio hidraulinis domkratas 2Ton\u0173, k\u0117limo auk\u0161tis: 85-430mm \/ Hogert\u00a0HT8G059<\/p>","protected":false},"featured_media":408669,"comment_status":"open","ping_status":"closed","template":"","meta":[],"product_cat":[9959],"product_tag":[9969],"class_list":{"0":"post-408667","1":"product","2":"type-product","3":"status-publish","4":"has-post-thumbnail","6":"product_brand-hogert-technik-vokietija","7":"product_cat-domkratai-hidrauliniai","8":"product_tag-hogert-technik-vokietija","10":"first","11":"instock","12":"purchasable","13":"product-type-simple"},"jetpack_sharing_enabled":true,"_links":{"self":[{"href":"https:\/\/irankiuzona.lt\/ru\/wp-json\/wp\/v2\/product\/408667","targetHints":{"allow":["GET"]}}],"collection":[{"href":"https:\/\/irankiuzona.lt\/ru\/wp-json\/wp\/v2\/product"}],"about":[{"href":"https:\/\/irankiuzona.lt\/ru\/wp-json\/wp\/v2\/types\/product"}],"replies":[{"embeddable":true,"href":"https:\/\/irankiuzona.lt\/ru\/wp-json\/wp\/v2\/comments?post=408667"}],"version-history":[{"count":1,"href":"https:\/\/irankiuzona.lt\/ru\/wp-json\/wp\/v2\/product\/408667\/revisions"}],"predecessor-version":[{"id":427098,"href":"https:\/\/irankiuzona.lt\/ru\/wp-json\/wp\/v2\/product\/408667\/revisions\/427098"}],"wp:featuredmedia":[{"embeddable":true,"href":"https:\/\/irankiuzona.lt\/ru\/wp-json\/wp\/v2\/media\/408669"}],"wp:attachment":[{"href":"https:\/\/irankiuzona.lt\/ru\/wp-json\/wp\/v2\/media?parent=408667"}],"wp:term":[{"taxonomy":"product_cat","embeddable":true,"href":"https:\/\/irankiuzona.lt\/ru\/wp-json\/wp\/v2\/product_cat?post=408667"},{"taxonomy":"product_tag","embeddable":true,"href":"https:\/\/irankiuzona.lt\/ru\/wp-json\/wp\/v2\/product_tag?post=408667"}],"curies":[{"name":"wp","href":"https:\/\/api.w.org\/{rel}","templated":true}]}}