{"id":427145,"date":"2025-10-16T02:27:50","date_gmt":"2025-10-16T02:27:50","guid":{"rendered":"https:\/\/irankiuzona.lt\/product\/peiliukas-metalui-plastikui-20x40-daugiafunkcinis\/"},"modified":"2026-04-05T07:48:49","modified_gmt":"2026-04-05T07:48:49","slug":"peiliukas-metalui-plastikui-20x40-daugiafunkcinis","status":"publish","type":"product","link":"https:\/\/irankiuzona.lt\/ru\/product\/peiliukas-metalui-plastikui-20x40-daugiafunkcinis\/","title":{"rendered":"Peiliukas metalui plastikui  20&#215;40 daugiafunkcinis"},"content":{"rendered":"<p>Metalui ir plastikui<br \/>\nPeiliuko a\u0161men\u0173 plotis 20X40 mm<br \/>\nPeiliukas tinka daugeliui dugiafunkcini\u0173 \u012franki\u0173 (Makita, Bosch, Milwaukee ir kt.)<\/p>","protected":false},"excerpt":{"rendered":"<p>Daugiafunkcinis peiliukas metalui\/plastikui\u00a0 20&#215;40\u00a0dantys, 1,4 mm<\/p>","protected":false},"featured_media":427147,"comment_status":"open","ping_status":"open","template":"","meta":[],"product_cat":[9913],"product_tag":[9969],"class_list":{"0":"post-427145","1":"product","2":"type-product","3":"status-publish","4":"has-post-thumbnail","6":"product_brand-hogert-technik-vokietija","7":"product_cat-daugiafunkcinio-irankio-peiliukai-priedai","8":"product_tag-hogert-technik-vokietija","10":"first","11":"instock","12":"purchasable","13":"product-type-simple"},"jetpack_sharing_enabled":true,"_links":{"self":[{"href":"https:\/\/irankiuzona.lt\/ru\/wp-json\/wp\/v2\/product\/427145","targetHints":{"allow":["GET"]}}],"collection":[{"href":"https:\/\/irankiuzona.lt\/ru\/wp-json\/wp\/v2\/product"}],"about":[{"href":"https:\/\/irankiuzona.lt\/ru\/wp-json\/wp\/v2\/types\/product"}],"replies":[{"embeddable":true,"href":"https:\/\/irankiuzona.lt\/ru\/wp-json\/wp\/v2\/comments?post=427145"}],"version-history":[{"count":0,"href":"https:\/\/irankiuzona.lt\/ru\/wp-json\/wp\/v2\/product\/427145\/revisions"}],"wp:featuredmedia":[{"embeddable":true,"href":"https:\/\/irankiuzona.lt\/ru\/wp-json\/wp\/v2\/media\/427147"}],"wp:attachment":[{"href":"https:\/\/irankiuzona.lt\/ru\/wp-json\/wp\/v2\/media?parent=427145"}],"wp:term":[{"taxonomy":"product_cat","embeddable":true,"href":"https:\/\/irankiuzona.lt\/ru\/wp-json\/wp\/v2\/product_cat?post=427145"},{"taxonomy":"product_tag","embeddable":true,"href":"https:\/\/irankiuzona.lt\/ru\/wp-json\/wp\/v2\/product_tag?post=427145"}],"curies":[{"name":"wp","href":"https:\/\/api.w.org\/{rel}","templated":true}]}}