{"id":427211,"date":"2025-10-18T23:43:46","date_gmt":"2025-10-18T23:43:46","guid":{"rendered":"https:\/\/irankiuzona.lt\/product\/plyteliu-lyginimo-sistema-spaust-savarz-reples-20-mm-k-tas\/"},"modified":"2026-04-13T22:49:40","modified_gmt":"2026-04-13T22:49:40","slug":"plyteliu-lyginimo-sistema-spaust-savarz-reples-20-mm-k-tas","status":"publish","type":"product","link":"https:\/\/irankiuzona.lt\/ru\/product\/plyteliu-lyginimo-sistema-spaust-savarz-reples-20-mm-k-tas\/","title":{"rendered":"Plyteli\u0173 lyginimo sistema spaust\/s\u0105var\u017e\/repl\u0117s 2,0 mm K-tas"},"content":{"rendered":"<p>\u25a0 S\u0105var\u017e\u0117li\u0173 storis &#8211; 2 mm<br \/>\n\u25a0 201 vnt.<br \/>\n\u25a0 Rinkin\u012f sudaro spaustukai, spaustukai, u\u017espaudimo repl\u0117s.<\/p>","protected":false},"excerpt":{"rendered":"<p>Plyteli\u0173 lyginimo spaustukai, plei\u0161tai ir repl\u0117s 2 mm<\/p>","protected":false},"featured_media":427213,"comment_status":"open","ping_status":"open","template":"","meta":[],"product_cat":[9455],"product_tag":[9969],"class_list":{"0":"post-427211","1":"product","2":"type-product","3":"status-publish","4":"has-post-thumbnail","6":"product_brand-hogert-technik-vokietija","7":"product_cat-irankiai-plytelems-stiklui-laminatui","8":"product_tag-hogert-technik-vokietija","10":"first","11":"instock","12":"purchasable","13":"product-type-simple"},"jetpack_sharing_enabled":true,"_links":{"self":[{"href":"https:\/\/irankiuzona.lt\/ru\/wp-json\/wp\/v2\/product\/427211","targetHints":{"allow":["GET"]}}],"collection":[{"href":"https:\/\/irankiuzona.lt\/ru\/wp-json\/wp\/v2\/product"}],"about":[{"href":"https:\/\/irankiuzona.lt\/ru\/wp-json\/wp\/v2\/types\/product"}],"replies":[{"embeddable":true,"href":"https:\/\/irankiuzona.lt\/ru\/wp-json\/wp\/v2\/comments?post=427211"}],"version-history":[{"count":1,"href":"https:\/\/irankiuzona.lt\/ru\/wp-json\/wp\/v2\/product\/427211\/revisions"}],"predecessor-version":[{"id":427212,"href":"https:\/\/irankiuzona.lt\/ru\/wp-json\/wp\/v2\/product\/427211\/revisions\/427212"}],"wp:featuredmedia":[{"embeddable":true,"href":"https:\/\/irankiuzona.lt\/ru\/wp-json\/wp\/v2\/media\/427213"}],"wp:attachment":[{"href":"https:\/\/irankiuzona.lt\/ru\/wp-json\/wp\/v2\/media?parent=427211"}],"wp:term":[{"taxonomy":"product_cat","embeddable":true,"href":"https:\/\/irankiuzona.lt\/ru\/wp-json\/wp\/v2\/product_cat?post=427211"},{"taxonomy":"product_tag","embeddable":true,"href":"https:\/\/irankiuzona.lt\/ru\/wp-json\/wp\/v2\/product_tag?post=427211"}],"curies":[{"name":"wp","href":"https:\/\/api.w.org\/{rel}","templated":true}]}}