{"id":427214,"date":"2025-10-18T23:44:56","date_gmt":"2025-10-18T23:44:56","guid":{"rendered":"https:\/\/irankiuzona.lt\/product\/hidraulinis-domkratas-35ton-su-pedalu-zemo-profilio-99-595mm\/"},"modified":"2026-01-19T11:50:37","modified_gmt":"2026-01-19T11:50:37","slug":"hidraulinis-domkratas-35ton-su-pedalu-zemo-profilio-99-595mm","status":"publish","type":"product","link":"https:\/\/irankiuzona.lt\/ru\/product\/hidraulinis-domkratas-35ton-su-pedalu-zemo-profilio-99-595mm\/","title":{"rendered":"Hidraulinis domkratas 3,5ton su pedalu, \u017eemo profilio \/  99-595mm"},"content":{"rendered":"<p>Minimalus k\u0117limo auk\u0161tis: 100 mm.Maksimalus k\u0117limo auk\u0161tis: 595 mm.Maksimali apkrova: 3500 kg (3,5 tonos)Svoris: 48 kg.<\/p>","protected":false},"excerpt":{"rendered":"<p>\u017demo profilio hidraulinis domkratas 3,5Ton\u0173 su greito prik\u0117limo pedalu, k\u0117limo auk\u0161tis: 100-595mm \/ Hogert\u00a0HT8G061<\/p>","protected":false},"featured_media":408666,"comment_status":"open","ping_status":"closed","template":"","meta":[],"product_cat":[9959],"product_tag":[9969],"class_list":{"0":"post-427214","1":"product","2":"type-product","3":"status-publish","4":"has-post-thumbnail","6":"product_brand-hogert-technik-vokietija","7":"product_cat-domkratai-hidrauliniai","8":"product_tag-hogert-technik-vokietija","10":"first","11":"instock","12":"purchasable","13":"product-type-simple"},"jetpack_sharing_enabled":true,"_links":{"self":[{"href":"https:\/\/irankiuzona.lt\/ru\/wp-json\/wp\/v2\/product\/427214","targetHints":{"allow":["GET"]}}],"collection":[{"href":"https:\/\/irankiuzona.lt\/ru\/wp-json\/wp\/v2\/product"}],"about":[{"href":"https:\/\/irankiuzona.lt\/ru\/wp-json\/wp\/v2\/types\/product"}],"replies":[{"embeddable":true,"href":"https:\/\/irankiuzona.lt\/ru\/wp-json\/wp\/v2\/comments?post=427214"}],"version-history":[{"count":1,"href":"https:\/\/irankiuzona.lt\/ru\/wp-json\/wp\/v2\/product\/427214\/revisions"}],"predecessor-version":[{"id":427215,"href":"https:\/\/irankiuzona.lt\/ru\/wp-json\/wp\/v2\/product\/427214\/revisions\/427215"}],"wp:featuredmedia":[{"embeddable":true,"href":"https:\/\/irankiuzona.lt\/ru\/wp-json\/wp\/v2\/media\/408666"}],"wp:attachment":[{"href":"https:\/\/irankiuzona.lt\/ru\/wp-json\/wp\/v2\/media?parent=427214"}],"wp:term":[{"taxonomy":"product_cat","embeddable":true,"href":"https:\/\/irankiuzona.lt\/ru\/wp-json\/wp\/v2\/product_cat?post=427214"},{"taxonomy":"product_tag","embeddable":true,"href":"https:\/\/irankiuzona.lt\/ru\/wp-json\/wp\/v2\/product_tag?post=427214"}],"curies":[{"name":"wp","href":"https:\/\/api.w.org\/{rel}","templated":true}]}}