{"id":427216,"date":"2025-10-18T23:44:58","date_gmt":"2025-10-18T23:44:58","guid":{"rendered":"https:\/\/irankiuzona.lt\/product\/spaustukai-plyteliu-islyginimui-50-vnt\/"},"modified":"2026-04-13T19:05:31","modified_gmt":"2026-04-13T19:05:31","slug":"spaustukai-plyteliu-islyginimui-50-vnt","status":"publish","type":"product","link":"https:\/\/irankiuzona.lt\/ru\/product\/spaustukai-plyteliu-islyginimui-50-vnt\/","title":{"rendered":"Spaustukai plyteli\u0173 i\u0161lyginimui 50 vnt"},"content":{"rendered":"<p>\u012erankis paprastam ir greitam plyteli\u0173 i\u0161lyginimui. Tinka naudoti klojant plyteles horizontaliai arba vertikaliai. Gali b\u016bti naudojamas plytel\u0117ms, glaz\u016brai ir kt.<\/p>","protected":false},"excerpt":{"rendered":"<p>Daugkartinio naudojimo spaustukai plyteli\u0173 lyginimui, 50 vnt.<\/p>","protected":false},"featured_media":427218,"comment_status":"open","ping_status":"open","template":"","meta":[],"product_cat":[9455],"product_tag":[9969],"class_list":{"0":"post-427216","1":"product","2":"type-product","3":"status-publish","4":"has-post-thumbnail","6":"product_brand-hogert-technik-vokietija","7":"product_cat-irankiai-plytelems-stiklui-laminatui","8":"product_tag-hogert-technik-vokietija","10":"first","11":"instock","12":"purchasable","13":"product-type-simple"},"jetpack_sharing_enabled":true,"_links":{"self":[{"href":"https:\/\/irankiuzona.lt\/ru\/wp-json\/wp\/v2\/product\/427216","targetHints":{"allow":["GET"]}}],"collection":[{"href":"https:\/\/irankiuzona.lt\/ru\/wp-json\/wp\/v2\/product"}],"about":[{"href":"https:\/\/irankiuzona.lt\/ru\/wp-json\/wp\/v2\/types\/product"}],"replies":[{"embeddable":true,"href":"https:\/\/irankiuzona.lt\/ru\/wp-json\/wp\/v2\/comments?post=427216"}],"version-history":[{"count":1,"href":"https:\/\/irankiuzona.lt\/ru\/wp-json\/wp\/v2\/product\/427216\/revisions"}],"predecessor-version":[{"id":427217,"href":"https:\/\/irankiuzona.lt\/ru\/wp-json\/wp\/v2\/product\/427216\/revisions\/427217"}],"wp:featuredmedia":[{"embeddable":true,"href":"https:\/\/irankiuzona.lt\/ru\/wp-json\/wp\/v2\/media\/427218"}],"wp:attachment":[{"href":"https:\/\/irankiuzona.lt\/ru\/wp-json\/wp\/v2\/media?parent=427216"}],"wp:term":[{"taxonomy":"product_cat","embeddable":true,"href":"https:\/\/irankiuzona.lt\/ru\/wp-json\/wp\/v2\/product_cat?post=427216"},{"taxonomy":"product_tag","embeddable":true,"href":"https:\/\/irankiuzona.lt\/ru\/wp-json\/wp\/v2\/product_tag?post=427216"}],"curies":[{"name":"wp","href":"https:\/\/api.w.org\/{rel}","templated":true}]}}