{"id":427378,"date":"2025-10-24T17:41:44","date_gmt":"2025-10-24T17:41:44","guid":{"rendered":"https:\/\/irankiuzona.lt\/product\/profesionalus-dulkiu-siurblys-1600w-30l-talpos-2\/"},"modified":"2026-05-09T14:29:44","modified_gmt":"2026-05-09T14:29:44","slug":"profesionalus-dulkiu-siurblys-1600w-30l-talpos-2","status":"publish","type":"product","link":"https:\/\/irankiuzona.lt\/ru\/product\/profesionalus-dulkiu-siurblys-1600w-30l-talpos-2\/","title":{"rendered":"Profesionalus dulki\u0173 siurblys 1600w (30L talpos)"},"content":{"rendered":"<p>Komplektacija:\u00a0 dulki\u0173 siurblys, teleskopinis metalinis vamzdis, 2 m \u017earna, HEPA filtras, universalus grind\u0173 antgalis, antgalis tarpams, 1 x\u00a0 popierinis mai\u0161as, 1 universalu antgalis \u012frankiams prigungti, naudojimo instrukcija, kartonin\u0117 d\u0117\u017e\u0117.> Galingas 1600W variklis> Skirtas darbui sausai ir \u0161lapiai dangai> Automatin\u0117 HEPA filtro nukratymo sistema, dirbant su el. \u012frankiu> 230V rozet\u0117 pajungti el. \u012frankiams iki 2000W galingumo> 2 u\u017epildymo indikatoriai, automati\u0161kai stabdantys veikim\u0105> 2 sukin\u0117jami ratukai ir 2 dideli ratai, patogesniam perst\u016bmimui> Pagaminta i\u0161 polipropileno &#8211; nedidelis svoris, bet didelis atsparumas> Atitinka L sandarumo klas\u0119> Svoris 13,7kg<\/p>","protected":false},"excerpt":{"rendered":"<p>Profi dulki\u0173 siurblys LEMAN\u00a0LOASP303 &#8211;\u00a01600w, 30L talpos<\/p>","protected":false},"featured_media":406252,"comment_status":"open","ping_status":"open","template":"","meta":[],"product_cat":[9955],"product_tag":[9478],"class_list":{"0":"post-427378","1":"product","2":"type-product","3":"status-publish","4":"has-post-thumbnail","6":"product_brand-leman-prancuzija","7":"product_cat-dulkiu-siurbliai","8":"product_tag-leman-prancuzija","10":"first","11":"outofstock","12":"purchasable","13":"product-type-simple"},"jetpack_sharing_enabled":true,"_links":{"self":[{"href":"https:\/\/irankiuzona.lt\/ru\/wp-json\/wp\/v2\/product\/427378","targetHints":{"allow":["GET"]}}],"collection":[{"href":"https:\/\/irankiuzona.lt\/ru\/wp-json\/wp\/v2\/product"}],"about":[{"href":"https:\/\/irankiuzona.lt\/ru\/wp-json\/wp\/v2\/types\/product"}],"replies":[{"embeddable":true,"href":"https:\/\/irankiuzona.lt\/ru\/wp-json\/wp\/v2\/comments?post=427378"}],"version-history":[{"count":1,"href":"https:\/\/irankiuzona.lt\/ru\/wp-json\/wp\/v2\/product\/427378\/revisions"}],"predecessor-version":[{"id":427379,"href":"https:\/\/irankiuzona.lt\/ru\/wp-json\/wp\/v2\/product\/427378\/revisions\/427379"}],"wp:featuredmedia":[{"embeddable":true,"href":"https:\/\/irankiuzona.lt\/ru\/wp-json\/wp\/v2\/media\/406252"}],"wp:attachment":[{"href":"https:\/\/irankiuzona.lt\/ru\/wp-json\/wp\/v2\/media?parent=427378"}],"wp:term":[{"taxonomy":"product_cat","embeddable":true,"href":"https:\/\/irankiuzona.lt\/ru\/wp-json\/wp\/v2\/product_cat?post=427378"},{"taxonomy":"product_tag","embeddable":true,"href":"https:\/\/irankiuzona.lt\/ru\/wp-json\/wp\/v2\/product_tag?post=427378"}],"curies":[{"name":"wp","href":"https:\/\/api.w.org\/{rel}","templated":true}]}}