{"id":427501,"date":"2025-11-18T13:09:33","date_gmt":"2025-11-18T13:09:33","guid":{"rendered":"https:\/\/irankiuzona.lt\/product\/tg-u40-lopas-apvalus-40mm\/"},"modified":"2026-04-15T02:54:54","modified_gmt":"2026-04-15T02:54:54","slug":"tg-u40-lopas-apvalus-40mm","status":"publish","type":"product","link":"https:\/\/irankiuzona.lt\/ru\/product\/tg-u40-lopas-apvalus-40mm\/","title":{"rendered":"TG  U40 Lopas apvalus 40mm"},"content":{"rendered":"<p>Lopas kamerai MARUNI\u00a0<\/p>\n<p>Skirtas vulkanizuoti vis\u0173 tip\u0173 kameras \u0161altuoju metodu<br \/>\nSkersmuo 40mm<br \/>\nRekomenduojama naudoti su VALKARN CFC FREE vulkanizavimo skys\u010diu<br \/>\nGamintojas &#8211; Maruni\u00a0<\/p>","protected":false},"excerpt":{"rendered":"<p>Lopas kamerai MARUNI\u00a0 Skirtas vulkanizuoti vis\u0173 tip\u0173 kameras \u0161altuoju metodu Skersmuo 40mm Rekomenduojama naudoti su VALKARN CFC FREE vulkanizavimo skys\u010diu Gamintojas &#8211; Maruni\u00a0<\/p>","protected":false},"featured_media":0,"comment_status":"open","ping_status":"open","template":"","meta":[],"product_cat":[9843],"product_tag":[9435],"class_list":{"0":"post-427501","1":"product","2":"type-product","3":"status-publish","5":"product_brand-kinija","6":"product_cat-lopai-padangoms-kaisciai-virves","7":"product_tag-kinija","9":"first","10":"outofstock","11":"purchasable","12":"product-type-simple"},"jetpack_sharing_enabled":true,"_links":{"self":[{"href":"https:\/\/irankiuzona.lt\/ru\/wp-json\/wp\/v2\/product\/427501","targetHints":{"allow":["GET"]}}],"collection":[{"href":"https:\/\/irankiuzona.lt\/ru\/wp-json\/wp\/v2\/product"}],"about":[{"href":"https:\/\/irankiuzona.lt\/ru\/wp-json\/wp\/v2\/types\/product"}],"replies":[{"embeddable":true,"href":"https:\/\/irankiuzona.lt\/ru\/wp-json\/wp\/v2\/comments?post=427501"}],"version-history":[{"count":1,"href":"https:\/\/irankiuzona.lt\/ru\/wp-json\/wp\/v2\/product\/427501\/revisions"}],"predecessor-version":[{"id":427502,"href":"https:\/\/irankiuzona.lt\/ru\/wp-json\/wp\/v2\/product\/427501\/revisions\/427502"}],"wp:attachment":[{"href":"https:\/\/irankiuzona.lt\/ru\/wp-json\/wp\/v2\/media?parent=427501"}],"wp:term":[{"taxonomy":"product_cat","embeddable":true,"href":"https:\/\/irankiuzona.lt\/ru\/wp-json\/wp\/v2\/product_cat?post=427501"},{"taxonomy":"product_tag","embeddable":true,"href":"https:\/\/irankiuzona.lt\/ru\/wp-json\/wp\/v2\/product_tag?post=427501"}],"curies":[{"name":"wp","href":"https:\/\/api.w.org\/{rel}","templated":true}]}}